{"id":111,"date":"2025-02-24T12:15:53","date_gmt":"2025-02-24T11:15:53","guid":{"rendered":"https:\/\/game-me-more.fr\/?page_id=111"},"modified":"2026-02-25T14:38:22","modified_gmt":"2026-02-25T13:38:22","slug":"evenements","status":"publish","type":"page","link":"https:\/\/game-me-more.fr\/?page_id=111","title":{"rendered":"\u00c9v\u00e8nements"},"content":{"rendered":"\t\t<div data-elementor-type=\"wp-page\" data-elementor-id=\"111\" class=\"elementor elementor-111\" data-elementor-post-type=\"page\">\n\t\t\t\t<div class=\"aux-parallax-section elementor-element elementor-element-dfdd75f e-flex e-con-boxed e-con e-parent\" data-id=\"dfdd75f\" data-element_type=\"container\">\n\t\t\t\t\t<div class=\"e-con-inner\">\n\t\t\t\t\t<\/div>\n\t\t\t\t<\/div>\n\t\t<div class=\"aux-parallax-section elementor-element elementor-element-6dc150e4 e-con-full e-flex e-con e-parent\" data-id=\"6dc150e4\" data-element_type=\"container\" data-settings=\"{&quot;background_background&quot;:&quot;classic&quot;}\">\n\t\t\t\t<div class=\"elementor-element elementor-element-306acb4f elementor-absolute elementor-widget-mobile__width-inherit elementor-view-default elementor-invisible elementor-widget elementor-widget-icon\" data-id=\"306acb4f\" data-element_type=\"widget\" data-settings=\"{&quot;_position&quot;:&quot;absolute&quot;,&quot;_animation&quot;:&quot;slideInDown&quot;}\" data-widget_type=\"icon.default\">\n\t\t\t\t<div class=\"elementor-widget-container\">\n\t\t\t\t\t\t\t<div class=\"elementor-icon-wrapper\">\n\t\t\t<a class=\"elementor-icon elementor-animation-sink\" href=\"#next\">\n\t\t\t<svg xmlns=\"http:\/\/www.w3.org\/2000\/svg\" id=\"e7693ca5-bf76-42df-999c-dbc3066cda9e\" data-name=\"Layer 1\" width=\"21.3525\" height=\"10.7197\" viewBox=\"0 0 21.3525 10.7197\"><polygon points=\"21 5.229 21.343 4.865 16.165 0 15.479 0.729 19.737 4.729 0 4.729 0 5.729 19.786 5.729 15.47 10.009 16.175 10.72 21.353 5.584 21 5.229\"><\/polygon><\/svg>\t\t\t<\/a>\n\t\t<\/div>\n\t\t\t\t\t\t<\/div>\n\t\t\t\t<\/div>\n\t\t\t\t<\/div>\n\t\t<div class=\"aux-parallax-section elementor-element elementor-element-620445a2 e-flex e-con-boxed e-con e-parent\" data-id=\"620445a2\" data-element_type=\"container\" data-settings=\"{&quot;background_background&quot;:&quot;classic&quot;}\">\n\t\t\t\t\t<div class=\"e-con-inner\">\n\t\t<div class=\"elementor-element elementor-element-4b5cfd39 e-con-full e-flex e-con e-child\" data-id=\"4b5cfd39\" data-element_type=\"container\">\n\t\t\t\t<div class=\"elementor-element elementor-element-15539be elementor-widget elementor-widget-heading\" data-id=\"15539be\" data-element_type=\"widget\" data-widget_type=\"heading.default\">\n\t\t\t\t<div class=\"elementor-widget-container\">\n\t\t\t\t\t<h1 class=\"elementor-heading-title elementor-size-default\">Planning des tournois<\/h1>\t\t\t\t<\/div>\n\t\t\t\t<\/div>\n\t\t\t\t<div class=\"elementor-element elementor-element-16484f4d elementor-widget__width-initial elementor-widget elementor-widget-text-editor\" data-id=\"16484f4d\" data-element_type=\"widget\" data-widget_type=\"text-editor.default\">\n\t\t\t\t<div class=\"elementor-widget-container\">\n\t\t\t\t\t\t\t\t\t<p>Il s&rsquo;agit d&rsquo;un planning standard pour nos tournois r\u00e9guliers.\u00a0<\/p><p>Pour les tournois sp\u00e9ciaux (Avant-premi\u00e8res, Championnats, etc&#8230;) il peut y avoir des horaires sp\u00e9ciaux, contactez nous pour plus d&rsquo;informations.<\/p>\t\t\t\t\t\t\t\t<\/div>\n\t\t\t\t<\/div>\n\t\t\t\t<\/div>\n\t\t\t\t\t<\/div>\n\t\t\t\t<\/div>\n\t\t<div class=\"aux-parallax-section elementor-element elementor-element-15ed6a5 e-flex e-con-boxed e-con e-parent\" data-id=\"15ed6a5\" data-element_type=\"container\">\n\t\t\t\t\t<div class=\"e-con-inner\">\n\t\t\t\t<div class=\"elementor-element elementor-element-c3e5d51 elementor-widget elementor-widget-html\" data-id=\"c3e5d51\" data-element_type=\"widget\" data-widget_type=\"html.default\">\n\t\t\t\t<div class=\"elementor-widget-container\">\n\t\t\t\t\t<style>\r\n  :root{\r\n    \/* Couleurs inspir\u00e9es du logo *\/\r\n    --primary:#2fa4b6;\r\n    --primary-glow:rgba(47,164,182,.35);\r\n    --accent:#e63946;\r\n\r\n    --bg:#0b1220;\r\n    --bg-soft:#111a2e;\r\n    --card:#141f36;\r\n\r\n    --text:#f1f5f9;\r\n    --muted:#94a3b8;\r\n    --border:rgba(255,255,255,.08);\r\n\r\n    --radius:26px;\r\n    --shadow:0 20px 50px rgba(0,0,0,.55);\r\n  }\r\n\r\n  @keyframes fadeUp{\r\n    from{opacity:0;transform:translateY(24px)}\r\n    to{opacity:1;transform:none}\r\n  }\r\n\r\n  @keyframes floatSoft{\r\n    0%{transform:translateY(0)}\r\n    50%{transform:translateY(-8px)}\r\n    100%{transform:translateY(0)}\r\n  }\r\n\r\n  .gmm-planning{\r\n    max-width:1400px;\r\n    margin:0 auto;\r\n    padding:56px;\r\n    font-family:system-ui,-apple-system,Segoe UI,Roboto,Arial,sans-serif;\r\n    color:var(--text);\r\n    background:\r\n      radial-gradient(900px 400px at 15% 10%, var(--primary-glow), transparent 60%),\r\n      radial-gradient(900px 400px at 85% 15%, rgba(230,57,70,.25), transparent 60%),\r\n      linear-gradient(180deg,var(--bg-soft),var(--bg));\r\n    border-radius:32px;\r\n    box-shadow:var(--shadow);\r\n    animation:fadeUp .6s ease both;\r\n  }\r\n\r\n  .gmm-head{\r\n    display:flex;\r\n    justify-content:space-between;\r\n    align-items:flex-start;\r\n    gap:32px;\r\n    margin-bottom:44px;\r\n  }\r\n\r\n  .gmm-title{\r\n    font-size:36px;\r\n    margin:0;\r\n    color:#ffffff;\r\n  }\r\n\r\n  .gmm-title span{\r\n    color:var(--primary);\r\n  }\r\n\r\n  .gmm-sub{\r\n    margin-top:12px;\r\n    font-size:18px;\r\n    color:var(--muted);\r\n    max-width:640px;\r\n  }\r\n\r\n  .gmm-grid{\r\n    display:grid;\r\n    grid-template-columns:repeat(3,1fr);\r\n    gap:32px;\r\n  }\r\n\r\n  .gmm-card{\r\n    background:\r\n      linear-gradient(180deg,rgba(255,255,255,.04),transparent),\r\n      var(--card);\r\n    border-radius:var(--radius);\r\n    padding:34px;\r\n    border:1px solid var(--border);\r\n    box-shadow:0 18px 36px rgba(0,0,0,.45);\r\n    animation:fadeUp .6s ease both;\r\n    position:relative;\r\n  }\r\n\r\n  .gmm-card:nth-child(1){animation-delay:.05s}\r\n  .gmm-card:nth-child(2){animation-delay:.12s}\r\n  .gmm-card:nth-child(3){animation-delay:.18s}\r\n\r\n  .gmm-card::before{\r\n    content:\"\";\r\n    position:absolute;\r\n    inset:auto -60px -60px auto;\r\n    width:180px;\r\n    height:180px;\r\n    border-radius:50%;\r\n    background:radial-gradient(circle,var(--primary-glow),transparent 70%);\r\n    pointer-events:none;\r\n  }\r\n\r\n  .gmm-top{\r\n    display:flex;\r\n    justify-content:space-between;\r\n    align-items:center;\r\n    margin-bottom:26px;\r\n  }\r\n\r\n  .gmm-day{\r\n    font-size:26px;\r\n    margin:0;\r\n    color:var(--primary);\r\n  }\r\n\r\n  .gmm-pill{\r\n    padding:10px 18px;\r\n    border-radius:999px;\r\n    font-size:14px;\r\n    font-weight:700;\r\n    background:rgba(47,164,182,.15);\r\n    color:var(--primary);\r\n    border:1px solid rgba(47,164,182,.35);\r\n  }\r\n\r\n  .gmm-pill.red{\r\n    background:rgba(230,57,70,.15);\r\n    color:var(--accent);\r\n    border-color:rgba(230,57,70,.35);\r\n  }\r\n\r\n  .gmm-events{\r\n    display:flex;\r\n    flex-wrap:wrap;\r\n    gap:16px;\r\n  }\r\n\r\n  .gmm-event{\r\n    padding:14px 22px;\r\n    border-radius:999px;\r\n    font-size:16px;\r\n    font-weight:700;\r\n    background:rgba(255,255,255,.06);\r\n    color:#ffffff;\r\n    border:1px solid var(--border);\r\n    animation:floatSoft 5s ease-in-out infinite;\r\n    transition:.25s ease;\r\n  }\r\n\r\n  .gmm-event:nth-child(odd){\r\n    animation-delay:.6s;\r\n  }\r\n\r\n  .gmm-event.red{\r\n    color:var(--accent);\r\n    border-color:rgba(230,57,70,.45);\r\n    background:rgba(230,57,70,.12);\r\n  }\r\n\r\n  .gmm-event:hover{\r\n    transform:translateY(-6px) scale(1.06);\r\n    background:rgba(255,255,255,.12);\r\n  }\r\n\r\n  @media(max-width:1024px){\r\n    .gmm-grid{grid-template-columns:1fr}\r\n    .gmm-title{font-size:28px}\r\n    .gmm-planning{padding:36px}\r\n  }\r\n<\/style>\r\n\r\n<div class=\"gmm-planning\">\r\n  <div class=\"gmm-head\">\r\n    <div>\r\n      <h3 class=\"gmm-title\">Planning <span>Game Me More<\/span><\/h3>\r\n      <p class=\"gmm-sub\">\r\n        Des rendez-vous hebdomadaires pour jouer, d\u00e9couvrir\r\n        et partager autour des TCG et jeux de soci\u00e9t\u00e9 \ud83c\udfb2\r\n      <\/p>\r\n    <\/div>\r\n  <\/div>\r\n\r\n  <div class=\"gmm-grid\">\r\n\r\n    <section class=\"gmm-card\">\r\n      <div class=\"gmm-top\">\r\n        <h4 class=\"gmm-day\">Mercredi<\/h4>\r\n        <span class=\"gmm-pill\">Soir<\/span>\r\n      <\/div>\r\n      <div class=\"gmm-events\">\r\n        <span class=\"gmm-event\">Magic<\/span>\r\n        <span class=\"gmm-event\">Yu-Gi-Oh<\/span>\r\n        <span class=\"gmm-event red\">Star Wars<\/span>\r\n        <span class=\"gmm-event\">One Piece<\/span>\r\n        <span class=\"gmm-event\">Riftbound<\/span>\r\n      <\/div>\r\n    <\/section>\r\n\r\n    <section class=\"gmm-card\">\r\n      <div class=\"gmm-top\">\r\n        <h4 class=\"gmm-day\">Vendredi<\/h4>\r\n        <span class=\"gmm-pill red\">Soir<\/span>\r\n      <\/div>\r\n      <div class=\"gmm-events\">\r\n        <span class=\"gmm-event\">Magic<\/span>\r\n        <span class=\"gmm-event\">Yu-Gi-Oh<\/span>\r\n        <span class=\"gmm-event red\">Star Wars Unlimited<\/span>\r\n        <span class=\"gmm-event\">One Piece<\/span>\r\n        <span class=\"gmm-event\">Riftbound<\/span>\r\n        <span class=\"gmm-event\">Lorcana<\/span>\r\n      <\/div>\r\n    <\/section>\r\n\r\n    <section class=\"gmm-card\">\r\n      <div class=\"gmm-top\">\r\n        <h4 class=\"gmm-day\">Samedi<\/h4>\r\n        <span class=\"gmm-pill\">Apr\u00e8s-midi<\/span>\r\n      <\/div>\r\n      <div class=\"gmm-events\">\r\n        <span class=\"gmm-event red\">Pok\u00e9mon<\/span>\r\n        <span class=\"gmm-event\">Lorcana<\/span>\r\n        <span class=\"gmm-event\">Altered<\/span>\r\n      <\/div>\r\n    <\/section>\r\n\r\n  <\/div>\r\n<\/div>\t\t\t\t<\/div>\n\t\t\t\t<\/div>\n\t\t\t\t\t<\/div>\n\t\t\t\t<\/div>\n\t\t<div class=\"aux-parallax-section elementor-element elementor-element-1b47fc73 e-con-full elementor-hidden-desktop elementor-hidden-tablet elementor-hidden-mobile e-flex e-con e-parent\" data-id=\"1b47fc73\" data-element_type=\"container\" data-settings=\"{&quot;background_background&quot;:&quot;classic&quot;,&quot;shape_divider_top&quot;:&quot;triangle-asymmetrical&quot;}\">\n\t\t\t\t<div class=\"elementor-shape elementor-shape-top\" aria-hidden=\"true\" data-negative=\"false\">\n\t\t\t<svg xmlns=\"http:\/\/www.w3.org\/2000\/svg\" viewBox=\"0 0 1000 100\" preserveAspectRatio=\"none\">\n\t<path class=\"elementor-shape-fill\" d=\"M738,99l262-93V0H0v5.6L738,99z\"\/>\n<\/svg>\t\t<\/div>\n\t\t<div class=\"elementor-element elementor-element-1be2b9ef animated-slow e-con-full e-flex elementor-invisible e-con e-child\" data-id=\"1be2b9ef\" data-element_type=\"container\" data-settings=\"{&quot;background_background&quot;:&quot;gradient&quot;,&quot;animation&quot;:&quot;fadeInUp&quot;,&quot;animation_delay&quot;:&quot;200&quot;}\">\n\t\t\t\t<div class=\"elementor-element elementor-element-204bf3c elementor-headline--style-highlight elementor-widget elementor-widget-animated-headline\" data-id=\"204bf3c\" data-element_type=\"widget\" data-settings=\"{&quot;marker&quot;:&quot;double&quot;,&quot;highlighted_text&quot;:&quot;Soir&quot;,&quot;headline_style&quot;:&quot;highlight&quot;,&quot;loop&quot;:&quot;yes&quot;,&quot;highlight_animation_duration&quot;:1200,&quot;highlight_iteration_delay&quot;:8000}\" data-widget_type=\"animated-headline.default\">\n\t\t\t\t<div class=\"elementor-widget-container\">\n\t\t\t\t\t\t\t<h3 class=\"elementor-headline\">\n\t\t\t\t\t<span class=\"elementor-headline-plain-text elementor-headline-text-wrapper\">Mercredi<\/span>\n\t\t\t\t<span class=\"elementor-headline-dynamic-wrapper elementor-headline-text-wrapper\">\n\t\t\t\t\t<span class=\"elementor-headline-dynamic-text elementor-headline-text-active\">Soir<\/span>\n\t\t\t\t<\/span>\n\t\t\t\t<\/h3>\n\t\t\t\t\t\t<\/div>\n\t\t\t\t<\/div>\n\t\t\t\t<div class=\"elementor-element elementor-element-3154a46 elementor-widget elementor-widget-text-editor\" data-id=\"3154a46\" data-element_type=\"widget\" data-widget_type=\"text-editor.default\">\n\t\t\t\t<div class=\"elementor-widget-container\">\n\t\t\t\t\t\t\t\t\t<h2><strong>Magic The Gathering<br \/><\/strong><strong>Yu-Gi-Oh!<br \/><\/strong><strong>Star Wars Unlimited<br \/><\/strong>Lorcana<br \/>One Piece<\/h2><h2><strong>Riftbound<\/strong><\/h2>\t\t\t\t\t\t\t\t<\/div>\n\t\t\t\t<\/div>\n\t\t\t\t<\/div>\n\t\t<div class=\"elementor-element elementor-element-5ad35ecd animated-slow e-con-full e-flex elementor-invisible e-con e-child\" data-id=\"5ad35ecd\" data-element_type=\"container\" data-settings=\"{&quot;background_background&quot;:&quot;gradient&quot;,&quot;animation&quot;:&quot;fadeInUp&quot;,&quot;animation_delay&quot;:&quot;200&quot;}\">\n\t\t\t\t<div class=\"elementor-element elementor-element-67dfe6f elementor-headline--style-highlight elementor-widget elementor-widget-animated-headline\" data-id=\"67dfe6f\" data-element_type=\"widget\" data-settings=\"{&quot;marker&quot;:&quot;underline_zigzag&quot;,&quot;highlighted_text&quot;:&quot;Soir&quot;,&quot;headline_style&quot;:&quot;highlight&quot;,&quot;loop&quot;:&quot;yes&quot;,&quot;highlight_animation_duration&quot;:1200,&quot;highlight_iteration_delay&quot;:8000}\" data-widget_type=\"animated-headline.default\">\n\t\t\t\t<div class=\"elementor-widget-container\">\n\t\t\t\t\t\t\t\t<a href=\"#next\">\n\n\t\t\t\t\t<h3 class=\"elementor-headline\">\n\t\t\t\t\t<span class=\"elementor-headline-plain-text elementor-headline-text-wrapper\">Vendredi<\/span>\n\t\t\t\t<span class=\"elementor-headline-dynamic-wrapper elementor-headline-text-wrapper\">\n\t\t\t\t\t<span class=\"elementor-headline-dynamic-text elementor-headline-text-active\">Soir<\/span>\n\t\t\t\t<\/span>\n\t\t\t\t<\/h3>\n\t\t<\/a>\t\t\t\t<\/div>\n\t\t\t\t<\/div>\n\t\t\t\t<div class=\"elementor-element elementor-element-9250128 elementor-widget elementor-widget-text-editor\" data-id=\"9250128\" data-element_type=\"widget\" data-widget_type=\"text-editor.default\">\n\t\t\t\t<div class=\"elementor-widget-container\">\n\t\t\t\t\t\t\t\t\t<h2><strong>Magic The Gathering<\/strong><\/h2><h2><strong>Yu-Gi-Oh!<\/strong><\/h2><h2><strong>Star Wars Unlimited<\/strong><\/h2><h2><strong>One Piece<\/strong><\/h2><h2><strong>Riftbound<\/strong><\/h2>\t\t\t\t\t\t\t\t<\/div>\n\t\t\t\t<\/div>\n\t\t\t\t<\/div>\n\t\t<div class=\"elementor-element elementor-element-38f4543a animated-slow e-con-full e-flex elementor-invisible e-con e-child\" data-id=\"38f4543a\" data-element_type=\"container\" data-settings=\"{&quot;background_background&quot;:&quot;gradient&quot;,&quot;animation&quot;:&quot;fadeInUp&quot;,&quot;animation_delay&quot;:&quot;200&quot;}\">\n\t\t\t\t<div class=\"elementor-element elementor-element-34423e2 elementor-headline--style-highlight elementor-widget elementor-widget-animated-headline\" data-id=\"34423e2\" data-element_type=\"widget\" data-settings=\"{&quot;marker&quot;:&quot;underline&quot;,&quot;highlighted_text&quot;:&quot;Apr\\u00e8s midi&quot;,&quot;headline_style&quot;:&quot;highlight&quot;,&quot;loop&quot;:&quot;yes&quot;,&quot;highlight_animation_duration&quot;:1200,&quot;highlight_iteration_delay&quot;:8000}\" data-widget_type=\"animated-headline.default\">\n\t\t\t\t<div class=\"elementor-widget-container\">\n\t\t\t\t\t\t\t<h3 class=\"elementor-headline\">\n\t\t\t\t\t<span class=\"elementor-headline-plain-text elementor-headline-text-wrapper\">Samedi<\/span>\n\t\t\t\t<span class=\"elementor-headline-dynamic-wrapper elementor-headline-text-wrapper\">\n\t\t\t\t\t<span class=\"elementor-headline-dynamic-text elementor-headline-text-active\">Apr\u00e8s midi<\/span>\n\t\t\t\t<\/span>\n\t\t\t\t<\/h3>\n\t\t\t\t\t\t<\/div>\n\t\t\t\t<\/div>\n\t\t\t\t<div class=\"elementor-element elementor-element-80e7e70 elementor-widget elementor-widget-text-editor\" data-id=\"80e7e70\" data-element_type=\"widget\" data-widget_type=\"text-editor.default\">\n\t\t\t\t<div class=\"elementor-widget-container\">\n\t\t\t\t\t\t\t\t\t<h2>Pok\u00e9mon<br \/>Lorcana<br \/>Altered<br \/><br \/><\/h2>\t\t\t\t\t\t\t\t<\/div>\n\t\t\t\t<\/div>\n\t\t\t\t<\/div>\n\t\t\t\t<\/div>\n\t\t<div class=\"aux-parallax-section elementor-element elementor-element-7c1c8e77 e-con-full e-flex e-con e-parent\" data-id=\"7c1c8e77\" data-element_type=\"container\" data-settings=\"{&quot;background_background&quot;:&quot;gradient&quot;}\">\n\t\t<div class=\"elementor-element elementor-element-32ba381a e-con-full e-flex e-con e-child\" data-id=\"32ba381a\" data-element_type=\"container\">\n\t\t\t\t<div class=\"elementor-element elementor-element-26ed5c33 elementor-widget-tablet__width-inherit elementor-cta--skin-classic elementor-animated-content elementor-bg-transform elementor-bg-transform-zoom-in elementor-widget elementor-widget-call-to-action\" data-id=\"26ed5c33\" data-element_type=\"widget\" data-widget_type=\"call-to-action.default\">\n\t\t\t\t<div class=\"elementor-widget-container\">\n\t\t\t\t\t\t\t<div class=\"elementor-cta\">\n\t\t\t\t\t<div class=\"elementor-cta__bg-wrapper\">\n\t\t\t\t<div class=\"elementor-cta__bg elementor-bg\" style=\"background-image: url(https:\/\/game-me-more.fr\/wp-content\/uploads\/2025\/02\/07092024-IPC_7321-scaled.jpg);\" role=\"img\" aria-label=\"A\"><\/div>\n\t\t\t\t<div class=\"elementor-cta__bg-overlay\"><\/div>\n\t\t\t<\/div>\n\t\t\t\t\t\t\t\t<\/div>\n\t\t\t\t\t\t<\/div>\n\t\t\t\t<\/div>\n\t\t\t\t<div class=\"elementor-element elementor-element-49f0c6a5 elementor-widget__width-initial elementor-absolute elementor-widget elementor-widget-spacer\" data-id=\"49f0c6a5\" data-element_type=\"widget\" data-settings=\"{&quot;_position&quot;:&quot;absolute&quot;}\" data-widget_type=\"spacer.default\">\n\t\t\t\t<div class=\"elementor-widget-container\">\n\t\t\t\t\t\t\t<div class=\"elementor-spacer\">\n\t\t\t<div class=\"elementor-spacer-inner\"><\/div>\n\t\t<\/div>\n\t\t\t\t\t\t<\/div>\n\t\t\t\t<\/div>\n\t\t\t\t<\/div>\n\t\t<div class=\"elementor-element elementor-element-6efb34c e-con-full e-flex e-con e-child\" data-id=\"6efb34c\" data-element_type=\"container\">\n\t\t\t\t<div class=\"elementor-element elementor-element-3b9cbdc2 elementor-widget-divider--view-line elementor-widget elementor-widget-divider\" data-id=\"3b9cbdc2\" data-element_type=\"widget\" data-widget_type=\"divider.default\">\n\t\t\t\t<div class=\"elementor-widget-container\">\n\t\t\t\t\t\t\t<div class=\"elementor-divider\">\n\t\t\t<span class=\"elementor-divider-separator\">\n\t\t\t\t\t\t<\/span>\n\t\t<\/div>\n\t\t\t\t\t\t<\/div>\n\t\t\t\t<\/div>\n\t\t\t\t<div class=\"elementor-element elementor-element-321770a0 elementor-widget elementor-widget-heading\" data-id=\"321770a0\" data-element_type=\"widget\" data-widget_type=\"heading.default\">\n\t\t\t\t<div class=\"elementor-widget-container\">\n\t\t\t\t\t<h2 class=\"elementor-heading-title elementor-size-default\"><b>Nos autres<\/b><br>\u00c9v\u00e9nements<\/h2>\t\t\t\t<\/div>\n\t\t\t\t<\/div>\n\t\t\t\t<div class=\"elementor-element elementor-element-5bf09b56 elementor-widget elementor-widget-text-editor\" data-id=\"5bf09b56\" data-element_type=\"widget\" data-widget_type=\"text-editor.default\">\n\t\t\t\t<div class=\"elementor-widget-container\">\n\t\t\t\t\t\t\t\t\t<h4>En plus de nos sessions TCG en semaine, nous vous proposons d\u2019autres activit\u00e9s passionnantes un dimanche apr\u00e8s-midi par mois (g\u00e9n\u00e9ralement le 2e ou 3e) sous forme d\u2019\u00e9v\u00e8nements priv\u00e9s sur inscription. Rejoignez-nous pour des sessions de jeux de r\u00f4le, des parties de figurines, de la peinture, et des d\u00e9couvertes de jeux de soci\u00e9t\u00e9 ! L\u2019occasion parfaite de s\u2019initier \u00e0 de nouveaux univers, et de partager des moments ludiques en toute convivialit\u00e9.<\/h4>\t\t\t\t\t\t\t\t<\/div>\n\t\t\t\t<\/div>\n\t\t<div class=\"elementor-element elementor-element-55d5500 e-con-full e-flex e-con e-child\" data-id=\"55d5500\" data-element_type=\"container\">\n\t\t\t\t<div class=\"elementor-element elementor-element-fcf4be5 elementor-cta--skin-classic elementor-animated-content elementor-bg-transform elementor-bg-transform-zoom-in elementor-widget elementor-widget-call-to-action\" data-id=\"fcf4be5\" data-element_type=\"widget\" data-widget_type=\"call-to-action.default\">\n\t\t\t\t<div class=\"elementor-widget-container\">\n\t\t\t\t\t\t\t<div class=\"elementor-cta\">\n\t\t\t\t\t<div class=\"elementor-cta__bg-wrapper\">\n\t\t\t\t<div class=\"elementor-cta__bg elementor-bg\" style=\"background-image: url(https:\/\/game-me-more.fr\/wp-content\/uploads\/2025\/02\/Altered.webp);\" role=\"img\" aria-label=\"Altered\"><\/div>\n\t\t\t\t<div class=\"elementor-cta__bg-overlay\"><\/div>\n\t\t\t<\/div>\n\t\t\t\t\t\t\t<div class=\"elementor-cta__content\">\n\t\t\t\t\n\t\t\t\t\t\t\t\t\t<h2 class=\"elementor-cta__title elementor-cta__content-item elementor-content-item\">\n\t\t\t\t\t\tApprenez les r\u00e8gles et venez jouer\t\t\t\t\t<\/h2>\n\t\t\t\t\n\t\t\t\t\t\t\t\t\t<div class=\"elementor-cta__description elementor-cta__content-item elementor-content-item\">\n\t\t\t\t\t\tInitiations le mercredi et vendredi si vous avez des questions pour apprendre les r\u00e8gles\t\t\t\t\t<\/div>\n\t\t\t\t\n\t\t\t\t\t\t\t\t\t<div class=\"elementor-cta__button-wrapper elementor-cta__content-item elementor-content-item \">\n\t\t\t\t\t<a class=\"elementor-cta__button elementor-button elementor-size-\" href=\"https:\/\/game-me-more.fr\/?page_id=631\" target=\"_blank\">\n\t\t\t\t\t\tListe des TCG\t\t\t\t\t<\/a>\n\t\t\t\t\t<\/div>\n\t\t\t\t\t\t\t<\/div>\n\t\t\t\t\t\t<\/div>\n\t\t\t\t\t\t<\/div>\n\t\t\t\t<\/div>\n\t\t\t\t<\/div>\n\t\t\t\t<\/div>\n\t\t\t\t<\/div>\n\t\t<div class=\"aux-parallax-section elementor-element elementor-element-28ec32ad e-con-full e-flex e-con e-parent\" data-id=\"28ec32ad\" data-element_type=\"container\" data-settings=\"{&quot;background_background&quot;:&quot;gradient&quot;}\">\n\t\t\t\t<div class=\"elementor-element elementor-element-6fccc558 elementor-widget-divider--view-line elementor-widget elementor-widget-divider\" data-id=\"6fccc558\" data-element_type=\"widget\" data-widget_type=\"divider.default\">\n\t\t\t\t<div class=\"elementor-widget-container\">\n\t\t\t\t\t\t\t<div class=\"elementor-divider\">\n\t\t\t<span class=\"elementor-divider-separator\">\n\t\t\t\t\t\t<\/span>\n\t\t<\/div>\n\t\t\t\t\t\t<\/div>\n\t\t\t\t<\/div>\n\t\t\t\t<div class=\"elementor-element elementor-element-211b7dde elementor-widget elementor-widget-heading\" data-id=\"211b7dde\" data-element_type=\"widget\" data-widget_type=\"heading.default\">\n\t\t\t\t<div class=\"elementor-widget-container\">\n\t\t\t\t\t<h2 class=\"elementor-heading-title elementor-size-default\"><b>Etre inform\u00e9<\/b> <br> des \u00e9v\u00e9nements<\/h2>\t\t\t\t<\/div>\n\t\t\t\t<\/div>\n\t\t\t\t<div class=\"elementor-element elementor-element-61c177a0 elementor-align-center elementor-widget elementor-widget-button\" data-id=\"61c177a0\" data-element_type=\"widget\" data-widget_type=\"button.default\">\n\t\t\t\t<div class=\"elementor-widget-container\">\n\t\t\t\t\t\t\t\t\t<div class=\"elementor-button-wrapper\">\n\t\t\t\t\t<a class=\"elementor-button elementor-button-link elementor-size-sm elementor-animation-shrink\" href=\"https:\/\/game-me-more.fr\/?page_id=158\">\n\t\t\t\t\t\t<span class=\"elementor-button-content-wrapper\">\n\t\t\t\t\t\t<span class=\"elementor-button-icon\">\n\t\t\t\t<i aria-hidden=\"true\" class=\"fab fa-discord\"><\/i>\t\t\t<\/span>\n\t\t\t\t\t\t\t\t\t<span class=\"elementor-button-text\">Rejoindre le discord<\/span>\n\t\t\t\t\t<\/span>\n\t\t\t\t\t<\/a>\n\t\t\t\t<\/div>\n\t\t\t\t\t\t\t\t<\/div>\n\t\t\t\t<\/div>\n\t\t\t\t<div class=\"elementor-element elementor-element-ef9e2f8 elementor-widget elementor-widget-spacer\" data-id=\"ef9e2f8\" data-element_type=\"widget\" data-widget_type=\"spacer.default\">\n\t\t\t\t<div class=\"elementor-widget-container\">\n\t\t\t\t\t\t\t<div class=\"elementor-spacer\">\n\t\t\t<div class=\"elementor-spacer-inner\"><\/div>\n\t\t<\/div>\n\t\t\t\t\t\t<\/div>\n\t\t\t\t<\/div>\n\t\t\t\t<\/div>\n\t\t\t\t<\/div>\n\t\t","protected":false},"excerpt":{"rendered":"<p>Planning des tournois Il s&rsquo;agit d&rsquo;un planning standard pour nos tournois r\u00e9guliers.\u00a0 Pour les tournois sp\u00e9ciaux (Avant-premi\u00e8res, Championnats, etc&#8230;) il peut y avoir des horaires sp\u00e9ciaux, contactez nous pour plus d&rsquo;informations. Planning Game Me More Des rendez-vous hebdomadaires pour jouer, d\u00e9couvrir et partager autour des TCG et jeux de soci\u00e9t\u00e9 \ud83c\udfb2 Mercredi Soir Magic Yu-Gi-Oh [&hellip;]<\/p>\n","protected":false},"author":1,"featured_media":0,"parent":0,"menu_order":0,"comment_status":"closed","ping_status":"closed","template":"","meta":{"footnotes":""},"class_list":["post-111","page","type-page","status-publish","hentry"],"_links":{"self":[{"href":"https:\/\/game-me-more.fr\/index.php?rest_route=\/wp\/v2\/pages\/111","targetHints":{"allow":["GET"]}}],"collection":[{"href":"https:\/\/game-me-more.fr\/index.php?rest_route=\/wp\/v2\/pages"}],"about":[{"href":"https:\/\/game-me-more.fr\/index.php?rest_route=\/wp\/v2\/types\/page"}],"author":[{"embeddable":true,"href":"https:\/\/game-me-more.fr\/index.php?rest_route=\/wp\/v2\/users\/1"}],"replies":[{"embeddable":true,"href":"https:\/\/game-me-more.fr\/index.php?rest_route=%2Fwp%2Fv2%2Fcomments&post=111"}],"version-history":[{"count":92,"href":"https:\/\/game-me-more.fr\/index.php?rest_route=\/wp\/v2\/pages\/111\/revisions"}],"predecessor-version":[{"id":731,"href":"https:\/\/game-me-more.fr\/index.php?rest_route=\/wp\/v2\/pages\/111\/revisions\/731"}],"wp:attachment":[{"href":"https:\/\/game-me-more.fr\/index.php?rest_route=%2Fwp%2Fv2%2Fmedia&parent=111"}],"curies":[{"name":"wp","href":"https:\/\/api.w.org\/{rel}","templated":true}]}}