{"id":158,"date":"2025-02-24T12:49:02","date_gmt":"2025-02-24T11:49:02","guid":{"rendered":"https:\/\/game-me-more.fr\/?page_id=158"},"modified":"2025-07-03T14:58:37","modified_gmt":"2025-07-03T12:58:37","slug":"discord","status":"publish","type":"page","link":"https:\/\/game-me-more.fr\/?page_id=158","title":{"rendered":"Discord"},"content":{"rendered":"\t\t<div data-elementor-type=\"wp-page\" data-elementor-id=\"158\" class=\"elementor elementor-158\" data-elementor-post-type=\"page\">\n\t\t\t\t<div class=\"aux-parallax-section elementor-element elementor-element-fe3d7ed e-flex e-con-boxed e-con e-parent\" data-id=\"fe3d7ed\" data-element_type=\"container\" data-settings=\"{&quot;background_background&quot;:&quot;classic&quot;}\">\n\t\t\t\t\t<div class=\"e-con-inner\">\n\t\t<div class=\"elementor-element elementor-element-48f22d9f e-con-full e-flex e-con e-child\" data-id=\"48f22d9f\" data-element_type=\"container\">\n\t\t\t\t<div class=\"elementor-element elementor-element-2262b1b8 elementor-widget elementor-widget-heading\" data-id=\"2262b1b8\" data-element_type=\"widget\" data-widget_type=\"heading.default\">\n\t\t\t\t<div class=\"elementor-widget-container\">\n\t\t\t\t\t<h1 class=\"elementor-heading-title elementor-size-default\">Rejoindre la Communaut\u00e9<\/h1>\t\t\t\t<\/div>\n\t\t\t\t<\/div>\n\t\t\t\t<div class=\"elementor-element elementor-element-2c1fa91 elementor-widget__width-initial elementor-widget elementor-widget-text-editor\" data-id=\"2c1fa91\" data-element_type=\"widget\" data-widget_type=\"text-editor.default\">\n\t\t\t\t<div class=\"elementor-widget-container\">\n\t\t\t\t\t\t\t\t\t<p>C&rsquo;est simple et rapide !<\/p>\t\t\t\t\t\t\t\t<\/div>\n\t\t\t\t<\/div>\n\t\t\t\t<div class=\"elementor-element elementor-element-19b8745e elementor-widget__width-initial elementor-absolute elementor-widget elementor-widget-image\" data-id=\"19b8745e\" data-element_type=\"widget\" data-settings=\"{&quot;_position&quot;:&quot;absolute&quot;}\" data-widget_type=\"image.default\">\n\t\t\t\t<div class=\"elementor-widget-container\">\n\t\t\t\t\t\t\t\t\t\t\t\t\t\t\t<img fetchpriority=\"high\" decoding=\"async\" width=\"279\" height=\"279\" src=\"https:\/\/game-me-more.fr\/wp-content\/uploads\/2025\/02\/30_Pricing_Candidate_Recruitment_Platform-person_555_small.jpg\" class=\"elementor-animation-float attachment-full size-full wp-image-149\" alt=\"\" srcset=\"https:\/\/game-me-more.fr\/wp-content\/uploads\/2025\/02\/30_Pricing_Candidate_Recruitment_Platform-person_555_small.jpg 279w, https:\/\/game-me-more.fr\/wp-content\/uploads\/2025\/02\/30_Pricing_Candidate_Recruitment_Platform-person_555_small-100x100.jpg 100w, https:\/\/game-me-more.fr\/wp-content\/uploads\/2025\/02\/30_Pricing_Candidate_Recruitment_Platform-person_555_small-150x150.jpg 150w, https:\/\/game-me-more.fr\/wp-content\/uploads\/2025\/02\/30_Pricing_Candidate_Recruitment_Platform-person_555_small-200x200.jpg 200w\" sizes=\"(max-width: 279px) 100vw, 279px\" \/>\t\t\t\t\t\t\t\t\t\t\t\t\t\t\t<\/div>\n\t\t\t\t<\/div>\n\t\t\t\t<div class=\"elementor-element elementor-element-39a6913c elementor-widget__width-initial elementor-absolute elementor-widget elementor-widget-image\" data-id=\"39a6913c\" data-element_type=\"widget\" data-settings=\"{&quot;_position&quot;:&quot;absolute&quot;}\" data-widget_type=\"image.default\">\n\t\t\t\t<div class=\"elementor-widget-container\">\n\t\t\t\t\t\t\t\t\t\t\t\t\t\t\t<img decoding=\"async\" width=\"116\" height=\"112\" src=\"https:\/\/game-me-more.fr\/wp-content\/uploads\/2025\/02\/30_Pricing_Candidate_Recruitment_Platform-person_66.jpg\" class=\"elementor-animation-float attachment-full size-full wp-image-150\" alt=\"\" \/>\t\t\t\t\t\t\t\t\t\t\t\t\t\t\t<\/div>\n\t\t\t\t<\/div>\n\t\t\t\t<div class=\"elementor-element elementor-element-42d8fdf3 elementor-widget__width-initial elementor-absolute elementor-widget elementor-widget-image\" data-id=\"42d8fdf3\" data-element_type=\"widget\" data-settings=\"{&quot;_position&quot;:&quot;absolute&quot;}\" data-widget_type=\"image.default\">\n\t\t\t\t<div class=\"elementor-widget-container\">\n\t\t\t\t\t\t\t\t\t\t\t\t\t\t\t<img decoding=\"async\" width=\"253\" height=\"220\" src=\"https:\/\/game-me-more.fr\/wp-content\/uploads\/2025\/02\/30_Pricing_Candidate_Recruitment_Platform-person_77.jpg\" class=\"elementor-animation-float attachment-full size-full wp-image-151\" alt=\"\" srcset=\"https:\/\/game-me-more.fr\/wp-content\/uploads\/2025\/02\/30_Pricing_Candidate_Recruitment_Platform-person_77.jpg 253w, https:\/\/game-me-more.fr\/wp-content\/uploads\/2025\/02\/30_Pricing_Candidate_Recruitment_Platform-person_77-200x174.jpg 200w\" sizes=\"(max-width: 253px) 100vw, 253px\" \/>\t\t\t\t\t\t\t\t\t\t\t\t\t\t\t<\/div>\n\t\t\t\t<\/div>\n\t\t\t\t<div class=\"elementor-element elementor-element-1c102a3b elementor-widget__width-initial elementor-absolute elementor-widget elementor-widget-image\" data-id=\"1c102a3b\" data-element_type=\"widget\" data-settings=\"{&quot;_position&quot;:&quot;absolute&quot;}\" data-widget_type=\"image.default\">\n\t\t\t\t<div class=\"elementor-widget-container\">\n\t\t\t\t\t\t\t\t\t\t\t\t\t\t\t<img loading=\"lazy\" decoding=\"async\" width=\"300\" height=\"300\" src=\"https:\/\/game-me-more.fr\/wp-content\/uploads\/2025\/02\/30_Pricing_Candidate_Recruitment_Platform-person_4_small.jpg\" class=\"elementor-animation-float attachment-full size-full wp-image-152\" alt=\"\" srcset=\"https:\/\/game-me-more.fr\/wp-content\/uploads\/2025\/02\/30_Pricing_Candidate_Recruitment_Platform-person_4_small.jpg 300w, https:\/\/game-me-more.fr\/wp-content\/uploads\/2025\/02\/30_Pricing_Candidate_Recruitment_Platform-person_4_small-100x100.jpg 100w, https:\/\/game-me-more.fr\/wp-content\/uploads\/2025\/02\/30_Pricing_Candidate_Recruitment_Platform-person_4_small-150x150.jpg 150w, https:\/\/game-me-more.fr\/wp-content\/uploads\/2025\/02\/30_Pricing_Candidate_Recruitment_Platform-person_4_small-200x200.jpg 200w\" sizes=\"(max-width: 300px) 100vw, 300px\" \/>\t\t\t\t\t\t\t\t\t\t\t\t\t\t\t<\/div>\n\t\t\t\t<\/div>\n\t\t\t\t<\/div>\n\t\t\t\t\t<\/div>\n\t\t\t\t<\/div>\n\t\t<div class=\"aux-parallax-section elementor-element elementor-element-5a9e576e e-con-full e-flex e-con e-parent\" data-id=\"5a9e576e\" data-element_type=\"container\">\n\t\t<div class=\"elementor-element elementor-element-5489c8fd e-con-full e-flex e-con e-child\" data-id=\"5489c8fd\" data-element_type=\"container\">\n\t\t\t\t<div class=\"elementor-element elementor-element-44187aa1 elementor-invisible elementor-widget elementor-widget-heading\" data-id=\"44187aa1\" data-element_type=\"widget\" data-settings=\"{&quot;_animation&quot;:&quot;fadeInDown&quot;}\" data-widget_type=\"heading.default\">\n\t\t\t\t<div class=\"elementor-widget-container\">\n\t\t\t\t\t<h1 class=\"elementor-heading-title elementor-size-default\">C'est quoi discord ? <\/h1>\t\t\t\t<\/div>\n\t\t\t\t<\/div>\n\t\t\t\t<div class=\"elementor-element elementor-element-6ef6078 elementor-widget elementor-widget-text-editor\" data-id=\"6ef6078\" data-element_type=\"widget\" data-widget_type=\"text-editor.default\">\n\t\t\t\t<div class=\"elementor-widget-container\">\n\t\t\t\t\t\t\t\t\t<h3>Discord est une appli qui permet de cr\u00e9er des salons de discussions et d\u2019\u00e9changes. Ici nous regroupons tous nos passionn\u00e9s de jeux sur notre serveur. Nous l\u2019utilisons pour pr\u00e9parer et annoncer nos \u00e9v\u00e9nements mais c\u2019est aussi l\u2019endroit id\u00e9al pour discuter, se donner rendez-vous pour jouer, faire des \u00e9changes et partager vos exp\u00e9riences. Que vous soyez amateur de jeux de soci\u00e9t\u00e9, de TCG ou de JDR, vous trouverez votre place parmi nous !<\/h3>\t\t\t\t\t\t\t\t<\/div>\n\t\t\t\t<\/div>\n\t\t\t\t<div class=\"elementor-element elementor-element-cdcc7ec elementor-align-center elementor-invisible elementor-widget elementor-widget-button\" data-id=\"cdcc7ec\" data-element_type=\"widget\" data-settings=\"{&quot;_animation&quot;:&quot;fadeInUp&quot;}\" data-widget_type=\"button.default\">\n\t\t\t\t<div class=\"elementor-widget-container\">\n\t\t\t\t\t\t\t\t\t<div class=\"elementor-button-wrapper\">\n\t\t\t\t\t<a class=\"elementor-button elementor-button-link elementor-size-sm\" href=\"https:\/\/discord.gg\/vA9ntVcCSy\" target=\"_blank\">\n\t\t\t\t\t\t<span class=\"elementor-button-content-wrapper\">\n\t\t\t\t\t\t<span class=\"elementor-button-icon\">\n\t\t\t\t<i aria-hidden=\"true\" class=\"fab fa-discord\"><\/i>\t\t\t<\/span>\n\t\t\t\t\t\t\t\t\t<span class=\"elementor-button-text\">Rejoindre le discord<\/span>\n\t\t\t\t\t<\/span>\n\t\t\t\t\t<\/a>\n\t\t\t\t<\/div>\n\t\t\t\t\t\t\t\t<\/div>\n\t\t\t\t<\/div>\n\t\t\t\t<\/div>\n\t\t<div class=\"elementor-element elementor-element-54ff7e32 e-con-full e-flex e-con e-child\" data-id=\"54ff7e32\" data-element_type=\"container\" data-settings=\"{&quot;background_background&quot;:&quot;classic&quot;}\">\n\t\t\t\t<div class=\"aux-parallax-piece elementor-element elementor-element-06767c1 elementor-view-default elementor-widget elementor-widget-icon\" data-parallax-origin=\"middle\" data-parallax-depth=\"0.15\" data-parallax-off=\"1024\" data-id=\"06767c1\" data-element_type=\"widget\" data-widget_type=\"icon.default\">\n\t\t\t\t<div class=\"elementor-widget-container\">\n\t\t\t\t\t\t\t<div class=\"elementor-icon-wrapper\">\n\t\t\t<a class=\"elementor-icon\" href=\"https:\/\/discord.gg\/g4US25eM\">\n\t\t\t<i aria-hidden=\"true\" class=\"fab fa-discord\"><\/i>\t\t\t<\/a>\n\t\t<\/div>\n\t\t\t\t\t\t<\/div>\n\t\t\t\t<\/div>\n\t\t\t\t<\/div>\n\t\t\t\t<\/div>\n\t\t<div class=\"aux-parallax-section elementor-element elementor-element-67fd4b04 e-flex e-con-boxed e-con e-parent\" data-id=\"67fd4b04\" data-element_type=\"container\" data-settings=\"{&quot;background_background&quot;:&quot;classic&quot;}\">\n\t\t\t\t\t<div class=\"e-con-inner\">\n\t\t<div class=\"elementor-element elementor-element-68d288e6 e-con-full e-flex e-con e-child\" data-id=\"68d288e6\" data-element_type=\"container\">\n\t\t\t\t<div class=\"elementor-element elementor-element-280b604 elementor-headline--style-highlight elementor-widget elementor-widget-animated-headline\" data-id=\"280b604\" data-element_type=\"widget\" data-settings=\"{&quot;marker&quot;:&quot;underline&quot;,&quot;highlighted_text&quot;:&quot;Discord&quot;,&quot;headline_style&quot;:&quot;highlight&quot;,&quot;loop&quot;:&quot;yes&quot;,&quot;highlight_animation_duration&quot;:1200,&quot;highlight_iteration_delay&quot;:8000}\" data-widget_type=\"animated-headline.default\">\n\t\t\t\t<div class=\"elementor-widget-container\">\n\t\t\t\t\t\t\t<h3 class=\"elementor-headline\">\n\t\t\t\t\t<span class=\"elementor-headline-plain-text elementor-headline-text-wrapper\">Comment rejoindre notre<\/span>\n\t\t\t\t<span class=\"elementor-headline-dynamic-wrapper elementor-headline-text-wrapper\">\n\t\t\t\t\t<span class=\"elementor-headline-dynamic-text elementor-headline-text-active\">Discord<\/span>\n\t\t\t\t<\/span>\n\t\t\t\t\t<span class=\"elementor-headline-plain-text elementor-headline-text-wrapper\">?<\/span>\n\t\t\t\t\t<\/h3>\n\t\t\t\t\t\t<\/div>\n\t\t\t\t<\/div>\n\t\t\t\t<div class=\"elementor-element elementor-element-d758a60 elementor-align-center elementor-invisible elementor-widget elementor-widget-button\" data-id=\"d758a60\" data-element_type=\"widget\" data-settings=\"{&quot;_animation&quot;:&quot;fadeInUp&quot;}\" data-widget_type=\"button.default\">\n\t\t\t\t<div class=\"elementor-widget-container\">\n\t\t\t\t\t\t\t\t\t<div class=\"elementor-button-wrapper\">\n\t\t\t\t\t<a class=\"elementor-button elementor-button-link elementor-size-sm\" href=\"https:\/\/discord.com\">\n\t\t\t\t\t\t<span class=\"elementor-button-content-wrapper\">\n\t\t\t\t\t\t<span class=\"elementor-button-icon\">\n\t\t\t\t<i aria-hidden=\"true\" class=\"fab fa-discord\"><\/i>\t\t\t<\/span>\n\t\t\t\t\t\t\t\t\t<span class=\"elementor-button-text\">T\u00e9l\u00e9charger l'appli<\/span>\n\t\t\t\t\t<\/span>\n\t\t\t\t\t<\/a>\n\t\t\t\t<\/div>\n\t\t\t\t\t\t\t\t<\/div>\n\t\t\t\t<\/div>\n\t\t<div class=\"elementor-element elementor-element-535ff36 e-con-full e-flex e-con e-child\" data-id=\"535ff36\" data-element_type=\"container\">\n\t\t\t\t<div class=\"elementor-element elementor-element-6dbd047 elementor-widget__width-auto elementor-widget elementor-widget-button\" data-id=\"6dbd047\" data-element_type=\"widget\" data-widget_type=\"button.default\">\n\t\t\t\t<div class=\"elementor-widget-container\">\n\t\t\t\t\t\t\t\t\t<div class=\"elementor-button-wrapper\">\n\t\t\t\t\t<a class=\"elementor-button elementor-button-link elementor-size-sm elementor-animation-float\" href=\"https:\/\/play.google.com\/store\/apps\/details?id=com.discord&#038;pcampaignid=web_share\">\n\t\t\t\t\t\t<span class=\"elementor-button-content-wrapper\">\n\t\t\t\t\t\t<span class=\"elementor-button-icon\">\n\t\t\t\t<svg xmlns=\"http:\/\/www.w3.org\/2000\/svg\" id=\"e7527ed7-48ff-4533-afd7-18d02b51661d\" data-name=\"Layer 1\" width=\"21.4171\" height=\"24.1932\" viewBox=\"0 0 21.4171 24.1932\"><path d=\"M15.6268,7.0532,4.9667,1.0378a2.7392,2.7392,0,0,0-2.7255.007l10.02,9.45Z\" transform=\"translate(-0.457 -0.6782)\"><\/path><path d=\"M.852,2.4629A2.7868,2.7868,0,0,0,.457,3.8875v17.71a2.7979,2.7979,0,0,0,.3682,1.39l10.34-10.69Z\" transform=\"translate(-0.457 -0.6782)\"><\/path><path d=\"M20.5212,9.6685,17.3765,7.8169l-3.5337,3.7693,4.3307,4.2621,2.3491-1.3834a2.8028,2.8028,0,0,0-.0014-4.7964Z\" transform=\"translate(-0.457 -0.6782)\"><\/path><path d=\"M2.2412,24.4486a2.6413,2.6413,0,0,0,1.4081.4228,2.63,2.63,0,0,0,1.3722-.3939l11.4977-6.9964-4.14-4.2106Z\" transform=\"translate(-0.457 -0.6782)\"><\/path><\/svg>\t\t\t<\/span>\n\t\t\t\t\t\t\t\t\t<span class=\"elementor-button-text\">Google Play<\/span>\n\t\t\t\t\t<\/span>\n\t\t\t\t\t<\/a>\n\t\t\t\t<\/div>\n\t\t\t\t\t\t\t\t<\/div>\n\t\t\t\t<\/div>\n\t\t\t\t<div class=\"elementor-element elementor-element-a72ec13 elementor-widget__width-auto elementor-widget elementor-widget-button\" data-id=\"a72ec13\" data-element_type=\"widget\" data-widget_type=\"button.default\">\n\t\t\t\t<div class=\"elementor-widget-container\">\n\t\t\t\t\t\t\t\t\t<div class=\"elementor-button-wrapper\">\n\t\t\t\t\t<a class=\"elementor-button elementor-button-link elementor-size-sm elementor-animation-float\" href=\"https:\/\/apps.apple.com\/fr\/app\/discord-chat-jeux-d\u00e9tente\/id985746746\">\n\t\t\t\t\t\t<span class=\"elementor-button-content-wrapper\">\n\t\t\t\t\t\t<span class=\"elementor-button-icon\">\n\t\t\t\t<svg xmlns=\"http:\/\/www.w3.org\/2000\/svg\" id=\"ba3e286c-8f4f-424c-b585-b6375b531e49\" data-name=\"Layer 1\" width=\"19.2753\" height=\"23.5589\" viewBox=\"0 0 19.2753 23.5589\"><path d=\"M19.4468,16.8665a4.0821,4.0821,0,0,1-2.2625-3.7728,4.3885,4.3885,0,0,1,2.089-3.6159l.5177-.3932-.36-.5441A5.8791,5.8791,0,0,0,14.499,6.0332h-.0067a7.6079,7.6079,0,0,0-2.8756.7,4.1208,4.1208,0,0,1-.954.3114,5.18,5.18,0,0,1-1.33-.3838,7.0656,7.0656,0,0,0-2.329-.5766c-1.7172,0-6.1727,1.3089-6.1727,7.2872,0,3.66,2.893,10.8462,6.39,10.8665h.0229a6.5164,6.5164,0,0,0,2.3195-.5447,4.3216,4.3216,0,0,1,1.3373-.3641,3.8263,3.8263,0,0,1,1.6889.4094,4.4959,4.4959,0,0,0,1.8974.4636c3.3274,0,5.6187-6.2051,5.6187-6.4941C20.1063,17.2651,19.7708,17.0628,19.4468,16.8665Z\" transform=\"translate(-0.8311 -0.6787)\"><\/path><path d=\"M15.82.6787c-2.6038,0-5.7546,2.7618-5.3088,5.348A5.14,5.14,0,0,0,15.82.6787Z\" transform=\"translate(-0.8311 -0.6787)\"><\/path><\/svg>\t\t\t<\/span>\n\t\t\t\t\t\t\t\t\t<span class=\"elementor-button-text\">App Store<\/span>\n\t\t\t\t\t<\/span>\n\t\t\t\t\t<\/a>\n\t\t\t\t<\/div>\n\t\t\t\t\t\t\t\t<\/div>\n\t\t\t\t<\/div>\n\t\t\t\t<\/div>\n\t\t\t\t<div class=\"elementor-element elementor-element-b558c7b elementor-widget__width-auto elementor-absolute elementor-view-default elementor-widget elementor-widget-icon\" data-id=\"b558c7b\" data-element_type=\"widget\" data-settings=\"{&quot;_position&quot;:&quot;absolute&quot;,&quot;motion_fx_motion_fx_scrolling&quot;:&quot;yes&quot;,&quot;motion_fx_devices&quot;:[&quot;desktop&quot;],&quot;motion_fx_motion_fx_mouse&quot;:&quot;yes&quot;,&quot;motion_fx_mouseTrack_effect&quot;:&quot;yes&quot;,&quot;motion_fx_mouseTrack_direction&quot;:&quot;negative&quot;,&quot;motion_fx_mouseTrack_speed&quot;:{&quot;unit&quot;:&quot;px&quot;,&quot;size&quot;:0.4,&quot;sizes&quot;:[]}}\" data-widget_type=\"icon.default\">\n\t\t\t\t<div class=\"elementor-widget-container\">\n\t\t\t\t\t\t\t<div class=\"elementor-icon-wrapper\">\n\t\t\t<div class=\"elementor-icon\">\n\t\t\t<i aria-hidden=\"true\" class=\"auxicon auxicon-bubble-comment-streamline-talk\"><\/i>\t\t\t<\/div>\n\t\t<\/div>\n\t\t\t\t\t\t<\/div>\n\t\t\t\t<\/div>\n\t\t\t\t<div class=\"elementor-element elementor-element-6c5e46e elementor-widget__width-auto elementor-absolute e-transform elementor-view-default elementor-widget elementor-widget-icon\" data-id=\"6c5e46e\" data-element_type=\"widget\" data-settings=\"{&quot;_position&quot;:&quot;absolute&quot;,&quot;_transform_rotateZ_effect&quot;:{&quot;unit&quot;:&quot;px&quot;,&quot;size&quot;:80,&quot;sizes&quot;:[]},&quot;motion_fx_motion_fx_scrolling&quot;:&quot;yes&quot;,&quot;motion_fx_devices&quot;:[&quot;desktop&quot;],&quot;motion_fx_motion_fx_mouse&quot;:&quot;yes&quot;,&quot;motion_fx_mouseTrack_effect&quot;:&quot;yes&quot;,&quot;motion_fx_mouseTrack_direction&quot;:&quot;negative&quot;,&quot;motion_fx_mouseTrack_speed&quot;:{&quot;unit&quot;:&quot;px&quot;,&quot;size&quot;:1.4,&quot;sizes&quot;:[]},&quot;_transform_rotateZ_effect_tablet&quot;:{&quot;unit&quot;:&quot;deg&quot;,&quot;size&quot;:&quot;&quot;,&quot;sizes&quot;:[]},&quot;_transform_rotateZ_effect_mobile&quot;:{&quot;unit&quot;:&quot;deg&quot;,&quot;size&quot;:&quot;&quot;,&quot;sizes&quot;:[]}}\" data-widget_type=\"icon.default\">\n\t\t\t\t<div class=\"elementor-widget-container\">\n\t\t\t\t\t\t\t<div class=\"elementor-icon-wrapper\">\n\t\t\t<div class=\"elementor-icon\">\n\t\t\t<i aria-hidden=\"true\" class=\"fab fa-discord\"><\/i>\t\t\t<\/div>\n\t\t<\/div>\n\t\t\t\t\t\t<\/div>\n\t\t\t\t<\/div>\n\t\t\t\t<div class=\"elementor-element elementor-element-4b427597 elementor-widget__width-auto elementor-absolute elementor-view-default elementor-widget elementor-widget-icon\" data-id=\"4b427597\" data-element_type=\"widget\" data-settings=\"{&quot;_position&quot;:&quot;absolute&quot;,&quot;motion_fx_motion_fx_scrolling&quot;:&quot;yes&quot;,&quot;motion_fx_devices&quot;:[&quot;desktop&quot;],&quot;motion_fx_motion_fx_mouse&quot;:&quot;yes&quot;,&quot;motion_fx_tilt_effect&quot;:&quot;yes&quot;,&quot;motion_fx_tilt_speed&quot;:{&quot;unit&quot;:&quot;px&quot;,&quot;size&quot;:10,&quot;sizes&quot;:[]}}\" data-widget_type=\"icon.default\">\n\t\t\t\t<div class=\"elementor-widget-container\">\n\t\t\t\t\t\t\t<div class=\"elementor-icon-wrapper\">\n\t\t\t<div class=\"elementor-icon\">\n\t\t\t<i aria-hidden=\"true\" class=\"auxicon auxicon-speaker-2\"><\/i>\t\t\t<\/div>\n\t\t<\/div>\n\t\t\t\t\t\t<\/div>\n\t\t\t\t<\/div>\n\t\t\t\t<\/div>\n\t\t\t\t\t<\/div>\n\t\t\t\t<\/div>\n\t\t\t\t<\/div>\n\t\t","protected":false},"excerpt":{"rendered":"<p>Rejoindre la Communaut\u00e9 C&rsquo;est simple et rapide ! C&rsquo;est quoi discord ? Discord est une appli qui permet de cr\u00e9er des salons de discussions et d\u2019\u00e9changes. Ici nous regroupons tous nos passionn\u00e9s de jeux sur notre serveur. Nous l\u2019utilisons pour pr\u00e9parer et annoncer nos \u00e9v\u00e9nements mais c\u2019est aussi l\u2019endroit id\u00e9al pour discuter, se donner rendez-vous [&hellip;]<\/p>\n","protected":false},"author":1,"featured_media":0,"parent":0,"menu_order":0,"comment_status":"closed","ping_status":"closed","template":"","meta":{"footnotes":""},"class_list":["post-158","page","type-page","status-publish","hentry"],"_links":{"self":[{"href":"https:\/\/game-me-more.fr\/index.php?rest_route=\/wp\/v2\/pages\/158","targetHints":{"allow":["GET"]}}],"collection":[{"href":"https:\/\/game-me-more.fr\/index.php?rest_route=\/wp\/v2\/pages"}],"about":[{"href":"https:\/\/game-me-more.fr\/index.php?rest_route=\/wp\/v2\/types\/page"}],"author":[{"embeddable":true,"href":"https:\/\/game-me-more.fr\/index.php?rest_route=\/wp\/v2\/users\/1"}],"replies":[{"embeddable":true,"href":"https:\/\/game-me-more.fr\/index.php?rest_route=%2Fwp%2Fv2%2Fcomments&post=158"}],"version-history":[{"count":22,"href":"https:\/\/game-me-more.fr\/index.php?rest_route=\/wp\/v2\/pages\/158\/revisions"}],"predecessor-version":[{"id":676,"href":"https:\/\/game-me-more.fr\/index.php?rest_route=\/wp\/v2\/pages\/158\/revisions\/676"}],"wp:attachment":[{"href":"https:\/\/game-me-more.fr\/index.php?rest_route=%2Fwp%2Fv2%2Fmedia&parent=158"}],"curies":[{"name":"wp","href":"https:\/\/api.w.org\/{rel}","templated":true}]}}