{"id":631,"date":"2025-02-28T13:13:25","date_gmt":"2025-02-28T12:13:25","guid":{"rendered":"https:\/\/game-me-more.fr\/?page_id=631"},"modified":"2025-06-19T16:45:12","modified_gmt":"2025-06-19T14:45:12","slug":"les-regles-des-tcg","status":"publish","type":"page","link":"https:\/\/game-me-more.fr\/?page_id=631","title":{"rendered":"Les r\u00e8gles des tcg"},"content":{"rendered":"\t\t<div data-elementor-type=\"wp-page\" data-elementor-id=\"631\" class=\"elementor elementor-631\" data-elementor-post-type=\"page\">\n\t\t\t\t<div class=\"aux-parallax-section elementor-element elementor-element-6cd68691 e-flex e-con-boxed e-con e-parent\" data-id=\"6cd68691\" data-element_type=\"container\" data-settings=\"{&quot;background_background&quot;:&quot;classic&quot;}\">\n\t\t\t\t\t<div class=\"e-con-inner\">\n\t\t<div class=\"elementor-element elementor-element-5e26133f e-con-full e-flex e-con e-child\" data-id=\"5e26133f\" data-element_type=\"container\">\n\t\t\t\t<div class=\"elementor-element elementor-element-28544787 elementor-widget elementor-widget-heading\" data-id=\"28544787\" data-element_type=\"widget\" data-widget_type=\"heading.default\">\n\t\t\t\t<div class=\"elementor-widget-container\">\n\t\t\t\t\t<h1 class=\"elementor-heading-title elementor-size-default\">Yu-Gi-Oh!<\/h1>\t\t\t\t<\/div>\n\t\t\t\t<\/div>\n\t\t\t\t<div class=\"elementor-element elementor-element-26442783 elementor-mobile-align-center elementor-widget elementor-widget-button\" data-id=\"26442783\" data-element_type=\"widget\" data-widget_type=\"button.default\">\n\t\t\t\t<div class=\"elementor-widget-container\">\n\t\t\t\t\t\t\t\t\t<div class=\"elementor-button-wrapper\">\n\t\t\t\t\t<a class=\"elementor-button elementor-button-link elementor-size-sm\" href=\"https:\/\/www.yugioh-card.com\/eu\/fr\/play\/yu-gi-oh-tcg-tutorials\/\" target=\"_blank\">\n\t\t\t\t\t\t<span class=\"elementor-button-content-wrapper\">\n\t\t\t\t\t\t\t\t\t<span class=\"elementor-button-text\">Les r\u00e8gles<\/span>\n\t\t\t\t\t<\/span>\n\t\t\t\t\t<\/a>\n\t\t\t\t<\/div>\n\t\t\t\t\t\t\t\t<\/div>\n\t\t\t\t<\/div>\n\t\t\t\t<\/div>\n\t\t<div class=\"elementor-element elementor-element-4723c585 e-con-full e-flex e-con e-child\" data-id=\"4723c585\" data-element_type=\"container\">\n\t\t\t\t<div class=\"elementor-element elementor-element-1b1327a5 elementor-widget elementor-widget-image\" data-id=\"1b1327a5\" data-element_type=\"widget\" data-widget_type=\"image.default\">\n\t\t\t\t<div class=\"elementor-widget-container\">\n\t\t\t\t\t\t\t\t\t\t\t\t\t\t\t<img fetchpriority=\"high\" decoding=\"async\" width=\"1024\" height=\"720\" src=\"https:\/\/game-me-more.fr\/wp-content\/uploads\/2025\/02\/Yu-Gi-Oh--1024x720.jpg\" class=\"attachment-large size-large wp-image-627\" alt=\"\" \/>\t\t\t\t\t\t\t\t\t\t\t\t\t\t\t<\/div>\n\t\t\t\t<\/div>\n\t\t\t\t<\/div>\n\t\t\t\t\t<\/div>\n\t\t\t\t<\/div>\n\t\t<div class=\"aux-parallax-section elementor-element elementor-element-1cfc91b5 e-flex e-con-boxed e-con e-parent\" data-id=\"1cfc91b5\" data-element_type=\"container\">\n\t\t\t\t\t<div class=\"e-con-inner\">\n\t\t<div class=\"elementor-element elementor-element-64a35d3c e-con-full e-flex e-con e-child\" data-id=\"64a35d3c\" data-element_type=\"container\">\n\t\t\t\t<div class=\"elementor-element elementor-element-6edfcc22 elementor-widget elementor-widget-image\" data-id=\"6edfcc22\" data-element_type=\"widget\" data-widget_type=\"image.default\">\n\t\t\t\t<div class=\"elementor-widget-container\">\n\t\t\t\t\t\t\t\t\t\t\t\t\t\t\t<img decoding=\"async\" width=\"1024\" height=\"536\" src=\"https:\/\/game-me-more.fr\/wp-content\/uploads\/2025\/02\/Pokemon.jpg\" class=\"attachment-large size-large wp-image-625\" alt=\"\" srcset=\"https:\/\/game-me-more.fr\/wp-content\/uploads\/2025\/02\/Pokemon.jpg 1024w, https:\/\/game-me-more.fr\/wp-content\/uploads\/2025\/02\/Pokemon-200x105.jpg 200w, https:\/\/game-me-more.fr\/wp-content\/uploads\/2025\/02\/Pokemon-600x314.jpg 600w\" sizes=\"(max-width: 1024px) 100vw, 1024px\" \/>\t\t\t\t\t\t\t\t\t\t\t\t\t\t\t<\/div>\n\t\t\t\t<\/div>\n\t\t\t\t<\/div>\n\t\t<div class=\"elementor-element elementor-element-11c3f2e2 e-con-full e-flex e-con e-child\" data-id=\"11c3f2e2\" data-element_type=\"container\">\n\t\t\t\t<div class=\"elementor-element elementor-element-1cc20280 elementor-widget elementor-widget-heading\" data-id=\"1cc20280\" data-element_type=\"widget\" data-widget_type=\"heading.default\">\n\t\t\t\t<div class=\"elementor-widget-container\">\n\t\t\t\t\t<h3 class=\"elementor-heading-title elementor-size-default\">Pok\u00e9mon<\/h3>\t\t\t\t<\/div>\n\t\t\t\t<\/div>\n\t\t\t\t<div class=\"elementor-element elementor-element-154934ef elementor-mobile-align-center elementor-widget elementor-widget-button\" data-id=\"154934ef\" data-element_type=\"widget\" data-widget_type=\"button.default\">\n\t\t\t\t<div class=\"elementor-widget-container\">\n\t\t\t\t\t\t\t\t\t<div class=\"elementor-button-wrapper\">\n\t\t\t\t\t<a class=\"elementor-button elementor-button-link elementor-size-sm\" href=\"https:\/\/tcg.pokemon.com\/fr-fr\/learn\/\" target=\"_blank\">\n\t\t\t\t\t\t<span class=\"elementor-button-content-wrapper\">\n\t\t\t\t\t\t\t\t\t<span class=\"elementor-button-text\">Les r\u00e8gles<\/span>\n\t\t\t\t\t<\/span>\n\t\t\t\t\t<\/a>\n\t\t\t\t<\/div>\n\t\t\t\t\t\t\t\t<\/div>\n\t\t\t\t<\/div>\n\t\t\t\t<\/div>\n\t\t\t\t\t<\/div>\n\t\t\t\t<\/div>\n\t\t<div class=\"aux-parallax-section elementor-element elementor-element-5cfb3586 e-con-full e-flex e-con e-parent\" data-id=\"5cfb3586\" data-element_type=\"container\">\n\t\t<div class=\"elementor-element elementor-element-7a5b021c e-con-full e-flex e-con e-child\" data-id=\"7a5b021c\" data-element_type=\"container\">\n\t\t\t\t<div class=\"elementor-element elementor-element-50919254 elementor-widget elementor-widget-image\" data-id=\"50919254\" data-element_type=\"widget\" data-widget_type=\"image.default\">\n\t\t\t\t<div class=\"elementor-widget-container\">\n\t\t\t\t\t\t\t\t\t\t\t\t\t\t\t<img decoding=\"async\" width=\"1024\" height=\"675\" src=\"https:\/\/game-me-more.fr\/wp-content\/uploads\/2025\/02\/67b73a1927db0e30c05358f3_s650898027556343822_p12_i4_w1200-1024x675.jpeg\" class=\"attachment-large size-large wp-image-620\" alt=\"\" \/>\t\t\t\t\t\t\t\t\t\t\t\t\t\t\t<\/div>\n\t\t\t\t<\/div>\n\t\t\t\t<\/div>\n\t\t<div class=\"elementor-element elementor-element-5b3ac1df e-con-full e-flex e-con e-child\" data-id=\"5b3ac1df\" data-element_type=\"container\">\n\t\t\t\t<div class=\"elementor-element elementor-element-3db91e01 elementor-widget elementor-widget-heading\" data-id=\"3db91e01\" data-element_type=\"widget\" data-widget_type=\"heading.default\">\n\t\t\t\t<div class=\"elementor-widget-container\">\n\t\t\t\t\t<h3 class=\"elementor-heading-title elementor-size-default\">Magic : L\u2019Assembl\u00e9e<\/h3>\t\t\t\t<\/div>\n\t\t\t\t<\/div>\n\t\t\t\t<div class=\"elementor-element elementor-element-3de08b2 elementor-mobile-align-center elementor-tablet-align-center elementor-widget elementor-widget-button\" data-id=\"3de08b2\" data-element_type=\"widget\" data-widget_type=\"button.default\">\n\t\t\t\t<div class=\"elementor-widget-container\">\n\t\t\t\t\t\t\t\t\t<div class=\"elementor-button-wrapper\">\n\t\t\t\t\t<a class=\"elementor-button elementor-button-link elementor-size-sm\" href=\"https:\/\/magic.wizards.com\/fr\/how-to-play\">\n\t\t\t\t\t\t<span class=\"elementor-button-content-wrapper\">\n\t\t\t\t\t\t\t\t\t<span class=\"elementor-button-text\">Les r\u00e8gles<\/span>\n\t\t\t\t\t<\/span>\n\t\t\t\t\t<\/a>\n\t\t\t\t<\/div>\n\t\t\t\t\t\t\t\t<\/div>\n\t\t\t\t<\/div>\n\t\t\t\t<\/div>\n\t\t\t\t<\/div>\n\t\t<div class=\"aux-parallax-section elementor-element elementor-element-34aaa18 e-flex e-con-boxed e-con e-parent\" data-id=\"34aaa18\" data-element_type=\"container\">\n\t\t\t\t\t<div class=\"e-con-inner\">\n\t\t<div class=\"elementor-element elementor-element-d342b51 e-con-full e-flex e-con e-child\" data-id=\"d342b51\" data-element_type=\"container\" data-settings=\"{&quot;background_background&quot;:&quot;classic&quot;}\">\n\t\t<div class=\"elementor-element elementor-element-7267959 e-con-full e-flex e-con e-child\" data-id=\"7267959\" data-element_type=\"container\">\n\t\t\t\t<div class=\"elementor-element elementor-element-69ce059 elementor-widget elementor-widget-heading\" data-id=\"69ce059\" data-element_type=\"widget\" data-widget_type=\"heading.default\">\n\t\t\t\t<div class=\"elementor-widget-container\">\n\t\t\t\t\t<h1 class=\"elementor-heading-title elementor-size-default\">Lorcana<\/h1>\t\t\t\t<\/div>\n\t\t\t\t<\/div>\n\t\t\t\t<div class=\"elementor-element elementor-element-3094e65 elementor-mobile-align-center elementor-widget elementor-widget-button\" data-id=\"3094e65\" data-element_type=\"widget\" data-widget_type=\"button.default\">\n\t\t\t\t<div class=\"elementor-widget-container\">\n\t\t\t\t\t\t\t\t\t<div class=\"elementor-button-wrapper\">\n\t\t\t\t\t<a class=\"elementor-button elementor-button-link elementor-size-sm\" href=\"https:\/\/www.disneylorcana.com\/fr-FR\/how-to-play\" target=\"_blank\">\n\t\t\t\t\t\t<span class=\"elementor-button-content-wrapper\">\n\t\t\t\t\t\t\t\t\t<span class=\"elementor-button-text\">Les r\u00e8gles<\/span>\n\t\t\t\t\t<\/span>\n\t\t\t\t\t<\/a>\n\t\t\t\t<\/div>\n\t\t\t\t\t\t\t\t<\/div>\n\t\t\t\t<\/div>\n\t\t\t\t<\/div>\n\t\t<div class=\"elementor-element elementor-element-5514441 e-con-full e-flex e-con e-child\" data-id=\"5514441\" data-element_type=\"container\">\n\t\t\t\t<div class=\"elementor-element elementor-element-65280e0 elementor-widget elementor-widget-image\" data-id=\"65280e0\" data-element_type=\"widget\" data-widget_type=\"image.default\">\n\t\t\t\t<div class=\"elementor-widget-container\">\n\t\t\t\t\t\t\t\t\t\t\t\t\t\t\t<img loading=\"lazy\" decoding=\"async\" width=\"280\" height=\"180\" src=\"https:\/\/game-me-more.fr\/wp-content\/uploads\/2025\/02\/Lorcana-280x180.jpg\" class=\"attachment-post-thumbnail size-post-thumbnail wp-image-623\" alt=\"\" \/>\t\t\t\t\t\t\t\t\t\t\t\t\t\t\t<\/div>\n\t\t\t\t<\/div>\n\t\t\t\t<\/div>\n\t\t\t\t<\/div>\n\t\t\t\t\t<\/div>\n\t\t\t\t<\/div>\n\t\t<div class=\"aux-parallax-section elementor-element elementor-element-d6c5f24 e-flex e-con-boxed e-con e-parent\" data-id=\"d6c5f24\" data-element_type=\"container\">\n\t\t\t\t\t<div class=\"e-con-inner\">\n\t\t<div class=\"elementor-element elementor-element-d13d67e e-con-full e-flex e-con e-child\" data-id=\"d13d67e\" data-element_type=\"container\">\n\t\t<div class=\"elementor-element elementor-element-71cc10a e-con-full e-flex e-con e-child\" data-id=\"71cc10a\" data-element_type=\"container\">\n\t\t\t\t<div class=\"elementor-element elementor-element-eafe8e9 elementor-widget elementor-widget-image\" data-id=\"eafe8e9\" data-element_type=\"widget\" data-widget_type=\"image.default\">\n\t\t\t\t<div class=\"elementor-widget-container\">\n\t\t\t\t\t\t\t\t\t\t\t\t\t\t\t<img loading=\"lazy\" decoding=\"async\" width=\"1024\" height=\"1024\" src=\"https:\/\/game-me-more.fr\/wp-content\/uploads\/2025\/02\/Star-Wars-Unlimited-1024x1024.jpg\" class=\"attachment-large size-large wp-image-626\" alt=\"\" srcset=\"https:\/\/game-me-more.fr\/wp-content\/uploads\/2025\/02\/Star-Wars-Unlimited-1024x1024.jpg 1024w, https:\/\/game-me-more.fr\/wp-content\/uploads\/2025\/02\/Star-Wars-Unlimited-300x300.jpg 300w, https:\/\/game-me-more.fr\/wp-content\/uploads\/2025\/02\/Star-Wars-Unlimited-150x150.jpg 150w, https:\/\/game-me-more.fr\/wp-content\/uploads\/2025\/02\/Star-Wars-Unlimited-768x768.jpg 768w, https:\/\/game-me-more.fr\/wp-content\/uploads\/2025\/02\/Star-Wars-Unlimited-100x100.jpg 100w\" sizes=\"(max-width: 1024px) 100vw, 1024px\" \/>\t\t\t\t\t\t\t\t\t\t\t\t\t\t\t<\/div>\n\t\t\t\t<\/div>\n\t\t\t\t<\/div>\n\t\t<div class=\"elementor-element elementor-element-8ad0e22 e-con-full e-flex e-con e-child\" data-id=\"8ad0e22\" data-element_type=\"container\">\n\t\t\t\t<div class=\"elementor-element elementor-element-4ec3385 elementor-widget elementor-widget-heading\" data-id=\"4ec3385\" data-element_type=\"widget\" data-widget_type=\"heading.default\">\n\t\t\t\t<div class=\"elementor-widget-container\">\n\t\t\t\t\t<h3 class=\"elementor-heading-title elementor-size-default\">Star Wars Unlimited<\/h3>\t\t\t\t<\/div>\n\t\t\t\t<\/div>\n\t\t\t\t<div class=\"elementor-element elementor-element-48de931 elementor-mobile-align-center elementor-tablet-align-center elementor-widget elementor-widget-button\" data-id=\"48de931\" data-element_type=\"widget\" data-widget_type=\"button.default\">\n\t\t\t\t<div class=\"elementor-widget-container\">\n\t\t\t\t\t\t\t\t\t<div class=\"elementor-button-wrapper\">\n\t\t\t\t\t<a class=\"elementor-button elementor-button-link elementor-size-sm\" href=\"https:\/\/starwarsunlimited.com\/fr\/how-to-play?chapter=comment-jouer\">\n\t\t\t\t\t\t<span class=\"elementor-button-content-wrapper\">\n\t\t\t\t\t\t\t\t\t<span class=\"elementor-button-text\">Les r\u00e8gles<\/span>\n\t\t\t\t\t<\/span>\n\t\t\t\t\t<\/a>\n\t\t\t\t<\/div>\n\t\t\t\t\t\t\t\t<\/div>\n\t\t\t\t<\/div>\n\t\t\t\t<\/div>\n\t\t\t\t<\/div>\n\t\t\t\t\t<\/div>\n\t\t\t\t<\/div>\n\t\t<div class=\"aux-parallax-section elementor-element elementor-element-c976720 e-flex e-con-boxed e-con e-parent\" data-id=\"c976720\" data-element_type=\"container\">\n\t\t\t\t\t<div class=\"e-con-inner\">\n\t\t<div class=\"elementor-element elementor-element-0fb3ce1 e-con-full e-flex e-con e-child\" data-id=\"0fb3ce1\" data-element_type=\"container\" data-settings=\"{&quot;background_background&quot;:&quot;classic&quot;}\">\n\t\t<div class=\"elementor-element elementor-element-b101d4e e-con-full e-flex e-con e-child\" data-id=\"b101d4e\" data-element_type=\"container\">\n\t\t\t\t<div class=\"elementor-element elementor-element-4196e9f elementor-widget elementor-widget-heading\" data-id=\"4196e9f\" data-element_type=\"widget\" data-widget_type=\"heading.default\">\n\t\t\t\t<div class=\"elementor-widget-container\">\n\t\t\t\t\t<h1 class=\"elementor-heading-title elementor-size-default\">Altered<\/h1>\t\t\t\t<\/div>\n\t\t\t\t<\/div>\n\t\t\t\t<div class=\"elementor-element elementor-element-7a50ad1 elementor-mobile-align-center elementor-widget elementor-widget-button\" data-id=\"7a50ad1\" data-element_type=\"widget\" data-widget_type=\"button.default\">\n\t\t\t\t<div class=\"elementor-widget-container\">\n\t\t\t\t\t\t\t\t\t<div class=\"elementor-button-wrapper\">\n\t\t\t\t\t<a class=\"elementor-button elementor-button-link elementor-size-sm\" href=\"https:\/\/www.altered.gg\/fr-fr\/the-game\/how-to-play\" target=\"_blank\">\n\t\t\t\t\t\t<span class=\"elementor-button-content-wrapper\">\n\t\t\t\t\t\t\t\t\t<span class=\"elementor-button-text\">Les r\u00e8gles<\/span>\n\t\t\t\t\t<\/span>\n\t\t\t\t\t<\/a>\n\t\t\t\t<\/div>\n\t\t\t\t\t\t\t\t<\/div>\n\t\t\t\t<\/div>\n\t\t\t\t<\/div>\n\t\t<div class=\"elementor-element elementor-element-b9970d0 e-con-full e-flex e-con e-child\" data-id=\"b9970d0\" data-element_type=\"container\">\n\t\t\t\t<div class=\"elementor-element elementor-element-4e79eb1 elementor-widget elementor-widget-image\" data-id=\"4e79eb1\" data-element_type=\"widget\" data-widget_type=\"image.default\">\n\t\t\t\t<div class=\"elementor-widget-container\">\n\t\t\t\t\t\t\t\t\t\t\t\t\t\t\t<img loading=\"lazy\" decoding=\"async\" width=\"960\" height=\"540\" src=\"https:\/\/game-me-more.fr\/wp-content\/uploads\/2025\/02\/Altered.webp\" class=\"attachment-large size-large wp-image-621\" alt=\"\" srcset=\"https:\/\/game-me-more.fr\/wp-content\/uploads\/2025\/02\/Altered.webp 960w, https:\/\/game-me-more.fr\/wp-content\/uploads\/2025\/02\/Altered-200x113.webp 200w, https:\/\/game-me-more.fr\/wp-content\/uploads\/2025\/02\/Altered-600x338.webp 600w\" sizes=\"(max-width: 960px) 100vw, 960px\" \/>\t\t\t\t\t\t\t\t\t\t\t\t\t\t\t<\/div>\n\t\t\t\t<\/div>\n\t\t\t\t<\/div>\n\t\t\t\t<\/div>\n\t\t\t\t\t<\/div>\n\t\t\t\t<\/div>\n\t\t<div class=\"aux-parallax-section elementor-element elementor-element-45ef1e7 e-flex e-con-boxed e-con e-parent\" data-id=\"45ef1e7\" data-element_type=\"container\">\n\t\t\t\t\t<div class=\"e-con-inner\">\n\t\t<div class=\"elementor-element elementor-element-d8f7e54 e-con-full e-flex e-con e-child\" data-id=\"d8f7e54\" data-element_type=\"container\" data-settings=\"{&quot;background_background&quot;:&quot;classic&quot;}\">\n\t\t<div class=\"elementor-element elementor-element-93b9ee1 e-con-full e-flex e-con e-child\" data-id=\"93b9ee1\" data-element_type=\"container\">\n\t\t\t\t<div class=\"elementor-element elementor-element-d784433 elementor-widget elementor-widget-heading\" data-id=\"d784433\" data-element_type=\"widget\" data-widget_type=\"heading.default\">\n\t\t\t\t<div class=\"elementor-widget-container\">\n\t\t\t\t\t<h1 class=\"elementor-heading-title elementor-size-default\">Flesh And Blood<\/h1>\t\t\t\t<\/div>\n\t\t\t\t<\/div>\n\t\t\t\t<div class=\"elementor-element elementor-element-32db32e elementor-mobile-align-center elementor-widget elementor-widget-button\" data-id=\"32db32e\" data-element_type=\"widget\" data-widget_type=\"button.default\">\n\t\t\t\t<div class=\"elementor-widget-container\">\n\t\t\t\t\t\t\t\t\t<div class=\"elementor-button-wrapper\">\n\t\t\t\t\t<a class=\"elementor-button elementor-button-link elementor-size-sm\" href=\"https:\/\/fabtcg.com\/fr\/resources\/learn-to-play\/\" target=\"_blank\">\n\t\t\t\t\t\t<span class=\"elementor-button-content-wrapper\">\n\t\t\t\t\t\t\t\t\t<span class=\"elementor-button-text\">Les r\u00e8gles<\/span>\n\t\t\t\t\t<\/span>\n\t\t\t\t\t<\/a>\n\t\t\t\t<\/div>\n\t\t\t\t\t\t\t\t<\/div>\n\t\t\t\t<\/div>\n\t\t\t\t<\/div>\n\t\t<div class=\"elementor-element elementor-element-9be9a8f e-con-full e-flex e-con e-child\" data-id=\"9be9a8f\" data-element_type=\"container\">\n\t\t\t\t<div class=\"elementor-element elementor-element-a2c7861 elementor-widget elementor-widget-image\" data-id=\"a2c7861\" data-element_type=\"widget\" data-widget_type=\"image.default\">\n\t\t\t\t<div class=\"elementor-widget-container\">\n\t\t\t\t\t\t\t\t\t\t\t\t\t\t\t<img loading=\"lazy\" decoding=\"async\" width=\"810\" height=\"425\" src=\"https:\/\/game-me-more.fr\/wp-content\/uploads\/2025\/02\/Flesh-And-Blood.jpg\" class=\"attachment-large size-large wp-image-622\" alt=\"\" srcset=\"https:\/\/game-me-more.fr\/wp-content\/uploads\/2025\/02\/Flesh-And-Blood.jpg 810w, https:\/\/game-me-more.fr\/wp-content\/uploads\/2025\/02\/Flesh-And-Blood-200x105.jpg 200w, https:\/\/game-me-more.fr\/wp-content\/uploads\/2025\/02\/Flesh-And-Blood-600x315.jpg 600w\" sizes=\"(max-width: 810px) 100vw, 810px\" \/>\t\t\t\t\t\t\t\t\t\t\t\t\t\t\t<\/div>\n\t\t\t\t<\/div>\n\t\t\t\t<\/div>\n\t\t\t\t<\/div>\n\t\t\t\t\t<\/div>\n\t\t\t\t<\/div>\n\t\t\t\t<\/div>\n\t\t","protected":false},"excerpt":{"rendered":"<p>Yu-Gi-Oh! Les r\u00e8gles Pok\u00e9mon Les r\u00e8gles Magic : L\u2019Assembl\u00e9e Les r\u00e8gles Lorcana Les r\u00e8gles Star Wars Unlimited Les r\u00e8gles Altered Les r\u00e8gles Flesh And Blood Les r\u00e8gles<\/p>\n","protected":false},"author":1,"featured_media":0,"parent":0,"menu_order":0,"comment_status":"closed","ping_status":"closed","template":"","meta":{"footnotes":""},"class_list":["post-631","page","type-page","status-publish","hentry"],"_links":{"self":[{"href":"https:\/\/game-me-more.fr\/index.php?rest_route=\/wp\/v2\/pages\/631","targetHints":{"allow":["GET"]}}],"collection":[{"href":"https:\/\/game-me-more.fr\/index.php?rest_route=\/wp\/v2\/pages"}],"about":[{"href":"https:\/\/game-me-more.fr\/index.php?rest_route=\/wp\/v2\/types\/page"}],"author":[{"embeddable":true,"href":"https:\/\/game-me-more.fr\/index.php?rest_route=\/wp\/v2\/users\/1"}],"replies":[{"embeddable":true,"href":"https:\/\/game-me-more.fr\/index.php?rest_route=%2Fwp%2Fv2%2Fcomments&post=631"}],"version-history":[{"count":7,"href":"https:\/\/game-me-more.fr\/index.php?rest_route=\/wp\/v2\/pages\/631\/revisions"}],"predecessor-version":[{"id":669,"href":"https:\/\/game-me-more.fr\/index.php?rest_route=\/wp\/v2\/pages\/631\/revisions\/669"}],"wp:attachment":[{"href":"https:\/\/game-me-more.fr\/index.php?rest_route=%2Fwp%2Fv2%2Fmedia&parent=631"}],"curies":[{"name":"wp","href":"https:\/\/api.w.org\/{rel}","templated":true}]}}