{"id":88,"date":"2020-12-12T11:36:00","date_gmt":"2020-12-12T10:36:00","guid":{"rendered":"https:\/\/game-me-more.fr\/?page_id=88"},"modified":"2026-02-25T13:41:13","modified_gmt":"2026-02-25T12:41:13","slug":"contact","status":"publish","type":"page","link":"https:\/\/game-me-more.fr\/?page_id=88","title":{"rendered":"Contact"},"content":{"rendered":"\t\t<div data-elementor-type=\"wp-page\" data-elementor-id=\"88\" class=\"elementor elementor-88\" data-elementor-post-type=\"page\">\n\t\t\t\t<header class=\"aux-parallax-section elementor-element elementor-element-5bf2ba30 e-con-full e-flex e-con e-parent\" data-id=\"5bf2ba30\" data-element_type=\"container\">\n\t\t\t\t<div class=\"elementor-element elementor-element-5d46effb elementor-widget elementor-widget-image\" data-id=\"5d46effb\" data-element_type=\"widget\" data-widget_type=\"image.default\">\n\t\t\t\t<div class=\"elementor-widget-container\">\n\t\t\t\t\t\t\t\t\t\t\t\t\t\t\t<img fetchpriority=\"high\" decoding=\"async\" width=\"1536\" height=\"1014\" src=\"https:\/\/game-me-more.fr\/wp-content\/uploads\/2025\/02\/15112024-DSC_6026-Modifier-1536x1014.jpg\" class=\"attachment-1536x1536 size-1536x1536 wp-image-167\" alt=\"\" srcset=\"https:\/\/game-me-more.fr\/wp-content\/uploads\/2025\/02\/15112024-DSC_6026-Modifier-1536x1014.jpg 1536w, https:\/\/game-me-more.fr\/wp-content\/uploads\/2025\/02\/15112024-DSC_6026-Modifier-scaled-600x396.jpg 600w, https:\/\/game-me-more.fr\/wp-content\/uploads\/2025\/02\/15112024-DSC_6026-Modifier-2048x1352.jpg 2048w, https:\/\/game-me-more.fr\/wp-content\/uploads\/2025\/02\/15112024-DSC_6026-Modifier-200x132.jpg 200w\" sizes=\"(max-width: 1536px) 100vw, 1536px\" \/>\t\t\t\t\t\t\t\t\t\t\t\t\t\t\t<\/div>\n\t\t\t\t<\/div>\n\t\t\t\t<\/header>\n\t\t<div class=\"aux-parallax-section elementor-element elementor-element-3035c607 e-con-full e-flex e-con e-parent\" data-id=\"3035c607\" data-element_type=\"container\" data-settings=\"{&quot;background_background&quot;:&quot;classic&quot;}\">\n\t\t<div class=\"elementor-element elementor-element-23e44ca e-con-full e-flex e-con e-child\" data-id=\"23e44ca\" data-element_type=\"container\" data-settings=\"{&quot;background_background&quot;:&quot;classic&quot;}\">\n\t\t\t\t<div class=\"elementor-element elementor-element-f2ee60f elementor-widget elementor-widget-google_maps\" data-id=\"f2ee60f\" data-element_type=\"widget\" data-widget_type=\"google_maps.default\">\n\t\t\t\t<div class=\"elementor-widget-container\">\n\t\t\t\t\t\t\t<div class=\"elementor-custom-embed\">\n\t\t\t<iframe loading=\"lazy\"\n\t\t\t\t\tsrc=\"https:\/\/maps.google.com\/maps?q=4%20B%20Avenue%20H%C3%A9l%C3%A8ne%20Boucher%2C%20RDC%2C%2013800%20Istres&#038;t=m&#038;z=16&#038;output=embed&#038;iwloc=near\"\n\t\t\t\t\ttitle=\"4 B Avenue H\u00e9l\u00e8ne Boucher, RDC, 13800 Istres\"\n\t\t\t\t\taria-label=\"4 B Avenue H\u00e9l\u00e8ne Boucher, RDC, 13800 Istres\"\n\t\t\t><\/iframe>\n\t\t<\/div>\n\t\t\t\t\t\t<\/div>\n\t\t\t\t<\/div>\n\t\t\t\t<\/div>\n\t\t<div class=\"elementor-element elementor-element-3d9fa7b4 e-con-full e-flex e-con e-child\" data-id=\"3d9fa7b4\" data-element_type=\"container\">\n\t\t\t\t<div class=\"elementor-element elementor-element-777d3096 elementor-widget elementor-widget-heading\" data-id=\"777d3096\" data-element_type=\"widget\" data-widget_type=\"heading.default\">\n\t\t\t\t<div class=\"elementor-widget-container\">\n\t\t\t\t\t<h2 class=\"elementor-heading-title elementor-size-default\">Venez nous rencontrer !<\/h2>\t\t\t\t<\/div>\n\t\t\t\t<\/div>\n\t\t\t\t<div class=\"elementor-element elementor-element-c3dcaa2 elementor-widget elementor-widget-aux_modern_button\" data-id=\"c3dcaa2\" data-element_type=\"widget\" data-widget_type=\"aux_modern_button.default\">\n\t\t\t\t<div class=\"elementor-widget-container\">\n\t\t\t\t\t    <div class=\"aux-modern-button-wrapper aux-modern-button-align-left\" >\n                    <a class=\"aux-modern-button aux-caution aux-modern-button-md aux-modern-button-round aux-modern-button-default aux-icon-left\" href=\"https:\/\/www.google.com\/maps\/dir\/43.5194106,4.98705\/Parking+Des+Carmes,+Avenue+Aristide+Briand,+Istres\/@43.513059,4.9863261,18.5z\/data=!4m10!4m9!1m1!4e1!1m5!1m1!1s0x12b61ca34f3d5d7b:0x1830067dec1003fd!2m2!1d4.9865009!2d43.5135779!3e0?hl=fr&#038;entry=ttu&#038;g_ep=EgoyMDI0MTAxNS4wIKXMDSoASAFQAw%3D%3D\" target=\"_blank\">\n                <div class=\"aux-overlay\"><\/div>\n                                    <div class=\"aux-icon \">\n                        <i aria-hidden=\"true\" class=\"auxicon auxicon-location-2\"><\/i>                    <\/div>\n                                <div class=\"aux-text\">\n<span class=\"aux-text-before\">Itin\u00e9raire vers la boutique<\/span>                <\/div>\n            <\/a>\n            \n    <\/div>\n\n    \t\t\t\t<\/div>\n\t\t\t\t<\/div>\n\t\t\t\t<div class=\"elementor-element elementor-element-97a2549 elementor-widget elementor-widget-heading\" data-id=\"97a2549\" data-element_type=\"widget\" data-widget_type=\"heading.default\">\n\t\t\t\t<div class=\"elementor-widget-container\">\n\t\t\t\t\t<h2 class=\"elementor-heading-title elementor-size-default\">Pour se garer \u00e0 proximit\u00e9\n<\/h2>\t\t\t\t<\/div>\n\t\t\t\t<\/div>\n\t\t\t\t<div class=\"elementor-element elementor-element-203f4c8 elementor-widget elementor-widget-aux_modern_button\" data-id=\"203f4c8\" data-element_type=\"widget\" data-widget_type=\"aux_modern_button.default\">\n\t\t\t\t<div class=\"elementor-widget-container\">\n\t\t\t\t\t    <div class=\"aux-modern-button-wrapper aux-modern-button-align-left\" >\n                    <a class=\"aux-modern-button aux-black aux-modern-button-md aux-modern-button-normal aux-modern-button-default aux-icon-left\" href=\"https:\/\/www.google.com\/maps\/dir\/43.5194106,4.98705\/Parking+Des+Carmes,+Avenue+Aristide+Briand,+Istres\/@43.513059,4.9863261,18.5z\/data=!4m10!4m9!1m1!4e1!1m5!1m1!1s0x12b61ca34f3d5d7b:0x1830067dec1003fd!2m2!1d4.9865009!2d43.5135779!3e0?hl=fr&#038;entry=ttu&#038;g_ep=EgoyMDI0MTAxNS4wIKXMDSoASAFQAw%3D%3D\" target=\"_blank\">\n                <div class=\"aux-overlay\"><\/div>\n                                    <div class=\"aux-icon \">\n                        <i aria-hidden=\"true\" class=\"fas fa-parking\"><\/i>                    <\/div>\n                                <div class=\"aux-text\">\n<span class=\"aux-text-before\">Itin\u00e9raire vers Parking 1 <\/span><span class=\"aux-text-highlighted\">(Payant)<\/span>                <\/div>\n            <\/a>\n            \n    <\/div>\n\n    \t\t\t\t<\/div>\n\t\t\t\t<\/div>\n\t\t\t\t<div class=\"elementor-element elementor-element-1dac664 elementor-widget elementor-widget-aux_modern_button\" data-id=\"1dac664\" data-element_type=\"widget\" data-widget_type=\"aux_modern_button.default\">\n\t\t\t\t<div class=\"elementor-widget-container\">\n\t\t\t\t\t    <div class=\"aux-modern-button-wrapper aux-modern-button-align-left\" >\n                    <a class=\"aux-modern-button aux-black aux-modern-button-md aux-modern-button-normal aux-modern-button-default aux-icon-left\" href=\"https:\/\/www.google.com\/maps\/place\/Parking+Sicardi\/@43.5150007,4.981128,16z\/data=!4m21!1m14!4m13!1m4!2m2!1d4.98705!2d43.5194106!4e1!1m6!1m2!1s0x12b61ca29c8f4ff9:0x2a7d709d13d6e598!2sParking+Sicardi,+All.+de+Vauranne,+13800+Istres!2m2!1d4.9851609!2d43.5101563!3e0!3m5!1s0x12b61ca29c8f4ff9:0x2a7d709d13d6e598!8m2!3d43.5101528!4d4.9852395!16s%2Fg%2F1hc8m4rn7?hl=fr&#038;entry=ttu&#038;g_ep=EgoyMDI0MTAxNS4wIKXMDSoASAFQAw%3D%3D\" target=\"_blank\">\n                <div class=\"aux-overlay\"><\/div>\n                                    <div class=\"aux-icon \">\n                        <i aria-hidden=\"true\" class=\"fas fa-parking\"><\/i>                    <\/div>\n                                <div class=\"aux-text\">\n<span class=\"aux-text-before\">Itin\u00e9raire vers Parking 2<\/span><span class=\"aux-text-after\"> (Gratuit)<\/span>                <\/div>\n            <\/a>\n            \n    <\/div>\n\n    \t\t\t\t<\/div>\n\t\t\t\t<\/div>\n\t\t\t\t<div class=\"elementor-element elementor-element-0967e18 elementor-widget elementor-widget-aux_modern_button\" data-id=\"0967e18\" data-element_type=\"widget\" data-widget_type=\"aux_modern_button.default\">\n\t\t\t\t<div class=\"elementor-widget-container\">\n\t\t\t\t\t    <div class=\"aux-modern-button-wrapper aux-modern-button-align-left\" >\n                    <a class=\"aux-modern-button aux-black aux-modern-button-md aux-modern-button-normal aux-modern-button-default aux-icon-left\" href=\"https:\/\/www.google.com\/maps\/dir\/43.5194106,4.98705\/Mission+Locale+Ouest+Provence\/@43.5136487,4.9846952,16z\/data=!4m10!4m9!1m1!4e1!1m5!1m1!1s0x12b61c95c39e0e5b:0xb6dd9d6d521b5419!2m2!1d4.9914198!2d43.5102245!3e0?hl=fr&#038;entry=ttu&#038;g_ep=EgoyMDI0MTAxNS4wIKXMDSoASAFQAw%3D%3D\" target=\"_blank\">\n                <div class=\"aux-overlay\"><\/div>\n                                    <div class=\"aux-icon \">\n                        <i aria-hidden=\"true\" class=\"fas fa-parking\"><\/i>                    <\/div>\n                                <div class=\"aux-text\">\n<span class=\"aux-text-before\">Itin\u00e9raire vers Parking 3 <\/span><span class=\"aux-text-after\">(Gratuit)<\/span>                <\/div>\n            <\/a>\n            \n    <\/div>\n\n    \t\t\t\t<\/div>\n\t\t\t\t<\/div>\n\t\t\t\t<\/div>\n\t\t\t\t<\/div>\n\t\t<div class=\"aux-parallax-section elementor-element elementor-element-39d0474 e-flex e-con-boxed e-con e-parent\" data-id=\"39d0474\" data-element_type=\"container\">\n\t\t\t\t\t<div class=\"e-con-inner\">\n\t\t<div class=\"elementor-element elementor-element-653ee11 e-con-full e-flex e-con e-child\" data-id=\"653ee11\" data-element_type=\"container\">\n\t\t\t\t<div class=\"elementor-element elementor-element-895921a aux-appear-watch-animation aux-fade-in-up elementor-widget elementor-widget-aux_modern_heading\" data-id=\"895921a\" data-element_type=\"widget\" data-widget_type=\"aux_modern_heading.default\">\n\t\t\t\t<div class=\"elementor-widget-container\">\n\t\t\t\t\t<section class=\"aux-widget-modern-heading\">\n            <div class=\"aux-widget-inner\"><h5 class=\"aux-modern-heading-primary\">Vous avez une question ?<\/h5><h3 class=\"aux-modern-heading-secondary\"><span class=\"aux-head-highlight\">Contactez nous !<\/span><\/h3><div class=\"aux-modern-heading-description\"><p>Votre adresse email ne sera pas publi\u00e9e. Les champs obligatoires sont marqu\u00e9s*<\/p><\/div><\/div>\n        <\/section>\t\t\t\t<\/div>\n\t\t\t\t<\/div>\n\t\t\t\t<div class=\"elementor-element elementor-element-90ead6f aux-appear-watch-animation aux-fade-in-up elementor-widget elementor-widget-aux_contact_form\" data-id=\"90ead6f\" data-element_type=\"widget\" data-widget_type=\"aux_contact_form.default\">\n\t\t\t\t<div class=\"elementor-widget-container\">\n\t\t\t\t\t<section class=\"widget-container aux-widget-contact-form aux-parent-aue2121856\">            <div class=\"aux-col-wrapper aux-no-gutter\">\n            <!-- @TODO - The output for element here -->\n\n            \n<div class=\"wpcf7 no-js\" id=\"wpcf7-f73-o1\" lang=\"en-US\" dir=\"ltr\" data-wpcf7-id=\"73\">\n<div class=\"screen-reader-response\"><p role=\"status\" aria-live=\"polite\" aria-atomic=\"true\"><\/p> <ul><\/ul><\/div>\n<form action=\"\/index.php?rest_route=%2Fwp%2Fv2%2Fpages%2F88#wpcf7-f73-o1\" method=\"post\" class=\"wpcf7-form init\" aria-label=\"Contact form\" novalidate=\"novalidate\" data-status=\"init\">\n<fieldset class=\"hidden-fields-container\"><input type=\"hidden\" name=\"_wpcf7\" value=\"73\" \/><input type=\"hidden\" name=\"_wpcf7_version\" value=\"6.1.4\" \/><input type=\"hidden\" name=\"_wpcf7_locale\" value=\"en_US\" \/><input type=\"hidden\" name=\"_wpcf7_unit_tag\" value=\"wpcf7-f73-o1\" \/><input type=\"hidden\" name=\"_wpcf7_container_post\" value=\"0\" \/><input type=\"hidden\" name=\"_wpcf7_posted_data_hash\" value=\"\" \/>\n<\/fieldset>\n<span class=\"wpcf7-form-control-wrap\" data-name=\"text-976\"><input size=\"40\" maxlength=\"400\" class=\"wpcf7-form-control wpcf7-text wpcf7-validates-as-required\" aria-required=\"true\" aria-invalid=\"false\" placeholder=\"Votre Nom *\" value=\"\" type=\"text\" name=\"text-976\" \/><\/span>\n<span class=\"wpcf7-form-control-wrap\" data-name=\"email-33\"><input size=\"40\" maxlength=\"400\" class=\"wpcf7-form-control wpcf7-email wpcf7-validates-as-required wpcf7-text wpcf7-validates-as-email\" aria-required=\"true\" aria-invalid=\"false\" placeholder=\"Votre mail *\" value=\"\" type=\"email\" name=\"email-33\" \/><\/span>\n<span class=\"wpcf7-form-control-wrap\" data-name=\"textarea-336\"><textarea cols=\"40\" rows=\"10\" maxlength=\"2000\" class=\"wpcf7-form-control wpcf7-textarea wpcf7-validates-as-required\" aria-required=\"true\" aria-invalid=\"false\" placeholder=\"Question *\" name=\"textarea-336\"><\/textarea><\/span>\n<input class=\"wpcf7-form-control wpcf7-submit has-spinner\" type=\"submit\" value=\"Envoyer\" \/><div class=\"wpcf7-response-output\" aria-hidden=\"true\"><\/div>\n<\/form>\n<\/div>\n\n\n            <\/div><!-- aux-col-wrapper -->\n    <\/section><!-- widget-container -->\t\t\t\t<\/div>\n\t\t\t\t<\/div>\n\t\t\t\t<\/div>\n\t\t\t\t\t<\/div>\n\t\t\t\t<\/div>\n\t\t<div class=\"aux-parallax-section elementor-element elementor-element-bb05823 e-flex e-con-boxed e-con e-parent\" data-id=\"bb05823\" data-element_type=\"container\">\n\t\t\t\t\t<div class=\"e-con-inner\">\n\t\t<div class=\"elementor-element elementor-element-4bb9a42 e-con-full e-flex e-con e-child\" data-id=\"4bb9a42\" data-element_type=\"container\">\n\t\t\t\t<div class=\"elementor-element elementor-element-d1487e4 aux-appear-watch-animation aux-scale-down elementor-widget elementor-widget-aux_text\" data-id=\"d1487e4\" data-element_type=\"widget\" data-widget_type=\"aux_text.default\">\n\t\t\t\t<div class=\"elementor-widget-container\">\n\t\t\t\t\t<section class=\"widget-container aux-widget-text aux-parent-au32282270\">        <div class=\"aux-widget-advanced-text aux-wrap-style-simple aux-ico-pos-left aux-text-left aux-text-resp- aux-text-color-dark aux-text-widget-bg-center  aux-text-padding-fix \" >\n        \n                            <div class=\"aux-text-widget-header \"  >\n                        <div class=\"aux-ico-box aux-ico-large aux-ico-shape-round-rect aux-ico-clear \">\n                            <i aria-hidden=\"true\" class=\"aux-ico auxicon auxicon-location\"><\/i>                        <\/div>\n                <\/div>\n            \n            <div class=\"aux-text-inner aux-text-widget-content\">\n                                <h4 class=\"col-title\">Adresse<\/h4>\n                                <div class=\"widget-content\">\n                                        <p><a href=\"https:\/\/www.google.com\/maps\/place\/\/data=!4m2!3m1!1s0x12b61d45a0027fe1:0x4731be141a51cc7c?sa=X&amp;ved=1t:8290&amp;ictx=111\" data-url=\"\/maps\/place\/\/data=!4m2!3m1!1s0x12b61d45a0027fe1:0x4731be141a51cc7c?sa=X&amp;ved=2ahUKEwiXjrzEh92LAxUQUqQEHVm8N98Q4kB6BAgHEAA\" data-jsarwt=\"1\" data-usg=\"AOvVaw1osF4m3X7y8xLfPodNWMWL\" data-ved=\"2ahUKEwiXjrzEh92LAxUQUqQEHVm8N98Q4kB6BAgqEAM\">4 B Avenue H\u00e9l\u00e8ne Boucher, RDC, 13800 Istres<\/a><\/p>                <\/div>\n                            <\/div>\n        <\/div>\n                    <div class=\"aux-text-widget-footer\">\n                <div class=\"aux-border-shape-none \">\n                                <\/div>\n            <\/div>\n        \n<\/section><!-- widget-container -->\t\t\t\t<\/div>\n\t\t\t\t<\/div>\n\t\t\t\t<\/div>\n\t\t<div class=\"elementor-element elementor-element-d2a4ca9 e-con-full e-flex e-con e-child\" data-id=\"d2a4ca9\" data-element_type=\"container\">\n\t\t\t\t<div class=\"elementor-element elementor-element-c42e158 aux-appear-watch-animation aux-scale-down elementor-widget elementor-widget-aux_text\" data-id=\"c42e158\" data-element_type=\"widget\" data-widget_type=\"aux_text.default\">\n\t\t\t\t<div class=\"elementor-widget-container\">\n\t\t\t\t\t<section class=\"widget-container aux-widget-text aux-parent-au64c89594\">        <div class=\"aux-widget-advanced-text aux-wrap-style-simple aux-ico-pos-left aux-text-left aux-text-resp- aux-text-color-dark aux-text-widget-bg-center  aux-text-padding-fix \" >\n        \n                            <div class=\"aux-text-widget-header \"  >\n                        <div class=\"aux-ico-box aux-ico-large aux-ico-shape-round-rect aux-ico-clear \">\n                            <i aria-hidden=\"true\" class=\"aux-ico fas fa-phone-alt\"><\/i>                        <\/div>\n                <\/div>\n            \n            <div class=\"aux-text-inner aux-text-widget-content\">\n                                <h4 class=\"col-title\">T\u00e9l\u00e9phone<\/h4>\n                                <div class=\"widget-content\">\n                                        <p><a href=\"https:\/\/www.google.com\/search?client=opera-gx&amp;q=game+me+more&amp;sourceid=opera&amp;ie=UTF-8&amp;oe=UTF-8#\" data-dtype=\"d3ph\" data-local-attribute=\"d3ph\" data-ved=\"2ahUKEwiXjrzEh92LAxUQUqQEHVm8N98QkAgoAHoECCgQAg\"><span aria-label=\"Appeler le 09 78 80 15 72\">09 78 80 15 72<\/span><\/a><\/p>                <\/div>\n                            <\/div>\n        <\/div>\n                    <div class=\"aux-text-widget-footer\">\n                <div class=\"aux-border-shape-none \">\n                                <\/div>\n            <\/div>\n        \n<\/section><!-- widget-container -->\t\t\t\t<\/div>\n\t\t\t\t<\/div>\n\t\t\t\t<\/div>\n\t\t<div class=\"elementor-element elementor-element-86a4f12 e-con-full e-flex e-con e-child\" data-id=\"86a4f12\" data-element_type=\"container\">\n\t\t\t\t<div class=\"elementor-element elementor-element-3dcf2cf aux-appear-watch-animation aux-scale-down elementor-widget elementor-widget-aux_text\" data-id=\"3dcf2cf\" data-element_type=\"widget\" data-widget_type=\"aux_text.default\">\n\t\t\t\t<div class=\"elementor-widget-container\">\n\t\t\t\t\t<section class=\"widget-container aux-widget-text aux-parent-au82ec09de\">        <div class=\"aux-widget-advanced-text aux-wrap-style-simple aux-ico-pos-left aux-text-left aux-text-resp- aux-text-color-dark aux-text-widget-bg-center  aux-text-padding-fix \" >\n        \n                            <div class=\"aux-text-widget-header \"  >\n                        <div class=\"aux-ico-box aux-ico-large aux-ico-shape-round-rect aux-ico-clear \">\n                            <i aria-hidden=\"true\" class=\"aux-ico fas fa-envelope\"><\/i>                        <\/div>\n                <\/div>\n            \n            <div class=\"aux-text-inner aux-text-widget-content\">\n                                <h4 class=\"col-title\">Email<\/h4>\n                                <div class=\"widget-content\">\n                                        <p>contact@game-me-more.fr<\/p>                <\/div>\n                            <\/div>\n        <\/div>\n                    <div class=\"aux-text-widget-footer\">\n                <div class=\"aux-border-shape-none \">\n                                <\/div>\n            <\/div>\n        \n<\/section><!-- widget-container -->\t\t\t\t<\/div>\n\t\t\t\t<\/div>\n\t\t\t\t<\/div>\n\t\t\t\t\t<\/div>\n\t\t\t\t<\/div>\n\t\t<div class=\"aux-parallax-section elementor-element elementor-element-bbcb244 e-flex e-con-boxed e-con e-parent\" data-id=\"bbcb244\" data-element_type=\"container\">\n\t\t\t\t\t<div class=\"e-con-inner\">\n\t\t\t\t<div class=\"elementor-element elementor-element-3f84e53 elementor-widget elementor-widget-spacer\" data-id=\"3f84e53\" data-element_type=\"widget\" data-widget_type=\"spacer.default\">\n\t\t\t\t<div class=\"elementor-widget-container\">\n\t\t\t\t\t\t\t<div class=\"elementor-spacer\">\n\t\t\t<div class=\"elementor-spacer-inner\"><\/div>\n\t\t<\/div>\n\t\t\t\t\t\t<\/div>\n\t\t\t\t<\/div>\n\t\t\t\t\t<\/div>\n\t\t\t\t<\/div>\n\t\t\t\t<\/div>\n\t\t","protected":false},"excerpt":{"rendered":"<p>Venez nous rencontrer ! Itin\u00e9raire vers la boutique Pour se garer \u00e0 proximit\u00e9 Itin\u00e9raire vers Parking 1 (Payant) Itin\u00e9raire vers Parking 2 (Gratuit) Itin\u00e9raire vers Parking 3 (Gratuit) Vous avez une question ? Contactez nous ! Votre adresse email ne sera pas publi\u00e9e. Les champs obligatoires sont marqu\u00e9s* Adresse 4 B Avenue H\u00e9l\u00e8ne Boucher, RDC, [&hellip;]<\/p>\n","protected":false},"author":1,"featured_media":0,"parent":0,"menu_order":0,"comment_status":"closed","ping_status":"closed","template":"templates\/page-builder-content.php","meta":{"footnotes":""},"class_list":["post-88","page","type-page","status-publish","hentry"],"_links":{"self":[{"href":"https:\/\/game-me-more.fr\/index.php?rest_route=\/wp\/v2\/pages\/88","targetHints":{"allow":["GET"]}}],"collection":[{"href":"https:\/\/game-me-more.fr\/index.php?rest_route=\/wp\/v2\/pages"}],"about":[{"href":"https:\/\/game-me-more.fr\/index.php?rest_route=\/wp\/v2\/types\/page"}],"author":[{"embeddable":true,"href":"https:\/\/game-me-more.fr\/index.php?rest_route=\/wp\/v2\/users\/1"}],"replies":[{"embeddable":true,"href":"https:\/\/game-me-more.fr\/index.php?rest_route=%2Fwp%2Fv2%2Fcomments&post=88"}],"version-history":[{"count":27,"href":"https:\/\/game-me-more.fr\/index.php?rest_route=\/wp\/v2\/pages\/88\/revisions"}],"predecessor-version":[{"id":711,"href":"https:\/\/game-me-more.fr\/index.php?rest_route=\/wp\/v2\/pages\/88\/revisions\/711"}],"wp:attachment":[{"href":"https:\/\/game-me-more.fr\/index.php?rest_route=%2Fwp%2Fv2%2Fmedia&parent=88"}],"curies":[{"name":"wp","href":"https:\/\/api.w.org\/{rel}","templated":true}]}}